{"id":100,"date":"2022-10-18T12:55:10","date_gmt":"2022-10-18T12:55:10","guid":{"rendered":"https:\/\/gebr-schreck.com\/?page_id=100"},"modified":"2025-08-11T11:42:07","modified_gmt":"2025-08-11T11:42:07","slug":"aktuelles","status":"publish","type":"page","link":"https:\/\/gebr-schreck.com\/en\/aktuelles\/","title":{"rendered":"News"},"content":{"rendered":"<div style=\"height:124px\" aria-hidden=\"true\" class=\"wp-block-spacer\"><\/div>\n\n\n\n<h1 class=\"wp-block-heading has-text-align-center\">From Grebenau to the whole world<\/h1>\n\n\n\n<div style=\"height:17px\" aria-hidden=\"true\" class=\"wp-block-spacer\"><\/div>\n\n\n\n<div class=\"wp-block-columns is-layout-flex wp-container-core-columns-is-layout-28f84493 wp-block-columns-is-layout-flex\">\n<div class=\"wp-block-column is-layout-flow wp-block-column-is-layout-flow\">\n<h6 class=\"wp-block-heading has-text-align-center\">Vor \u00fcber 100 Jahren wurde mit der Gr\u00fcndung der Gebr. Schreck in Wetzlar der Grundstein fp\u00fcr eine Erfolgsgeschichte gelegt. <br>Mittlerweile ist das rund zehn Mitarbeiter z\u00e4hlende Unternehmen im Vogelsberg ans\u00e4ssig und exportiert von hier aus in die ganze Welt.<\/h6>\n\n\n\n<div style=\"height:30px\" aria-hidden=\"true\" class=\"wp-block-spacer\"><\/div>\n<\/div>\n<\/div>\n\n\n\n<div class=\"wp-block-media-text alignwide has-media-on-the-right is-stacked-on-mobile\" style=\"grid-template-columns:auto 66%\"><div class=\"wp-block-media-text__content\">\n<p><strong>VON PETRA A. ZIELINSKI <\/strong> <\/p>\n\n\n\n<p>IHK- Hauptgesch\u00e4ftff\u00fchrer Matthias Leder lie\u00df es sich nicht nehmen, der gesch\u00e4ftsf\u00fchrenden Gesellschafterin Rita Becker-Ochs im Juni pers\u00f6nlich die Urkunde zum 100. Jubil\u00e4um der Gebr. Schreck Feinmechanik GmgH & Co. KG zu \u00fcberreichen. Zur Feier waren neben den Mitarbeitern und zahlreichen weiteren G\u00e4sten auch IHK-Vizepr\u00e4sident Rainer Dietz, Landrat Manfred G\u00f6rig und die B\u00fcrgermeister Stephan Paule (Alsfeld) und Lars Wicke (Grebenau) gekommen. Wesentlich zum Gelingen des Abends trug auch die Frankfurter Gruppe \u201cWalk-a-Tones\u201d bei. In ihrer Anfangszeit befasste sich die von den Gebr. Schreck gegr\u00fcndeten Firma mit der Herstellung von Einzelteilen f\u00fcr Mikroskope, Mikro-fotografie und Fotoverschl\u00fcsse mit Luftdruck und Uhrenwerzeitregelung. F\u00fcr Letztere wurden Draht-ausl\u00f6ser hergestellt. Nur durch die Zwangsbewirtschaf-tung w\u00e4hrend des Zweiten Weltkrieges unterbrochen, produziert das Unternehmen bis heute Drahtausl\u00f6ser, w\u00e4hrend die anderen Produkte schnell aufgegeben wurden. Bereits in den 1930er-Jahren exportiert die Firma in 25 Staaten.<\/p>\n<\/div><figure class=\"wp-block-media-text__media\"><img loading=\"lazy\" decoding=\"async\" width=\"583\" height=\"440\" src=\"https:\/\/gebr-schreck.com\/wp-content\/uploads\/2022\/11\/100-Jahre-1.png\" alt=\"\" class=\"wp-image-1033 size-full\" srcset=\"https:\/\/gebr-schreck.com\/wp-content\/uploads\/2022\/11\/100-Jahre-1.png 583w, https:\/\/gebr-schreck.com\/wp-content\/uploads\/2022\/11\/100-Jahre-1-300x226.png 300w, https:\/\/gebr-schreck.com\/wp-content\/uploads\/2022\/11\/100-Jahre-1-16x12.png 16w\" sizes=\"auto, (max-width: 583px) 100vw, 583px\" \/><\/figure><\/div>\n\n\n\n<div class=\"wp-block-columns is-layout-flex wp-container-core-columns-is-layout-28f84493 wp-block-columns-is-layout-flex\">\n<div class=\"wp-block-column is-layout-flow wp-block-column-is-layout-flow\">\n<h4 class=\"wp-block-heading\"><strong>Cable releases are in demand<\/strong><\/h4>\n\n\n\n<p>In 1963, the Frankfurt merchant and toolmaker Rolf Becker took over the company from Adolf and Karl Schreck and two years later relocated to Grebenau-Schwarz. From 1970, cable releases for industrial use were included in the production program. Through a consistent further development of production, an ever increasing vertical range of manufacture was achieved. Industrial releases for control cabinets were<\/p>\n<\/div>\n\n\n\n<div class=\"wp-block-column is-layout-flow wp-block-column-is-layout-flow\">\n<p>schr\u00e4nke hinzu. Drahtausl\u00f6ser fanden unter anderem auch Verwendung bei der NASA in der Raumfahrt, erinnert sich Rita Becker-Ochs, die 1998 das Unter-nehmen von ihrem Vater \u00fcbernahm und sich mittlerweile quasi in \u201cTeilzeitrente\u201d befindet. Weitere Gesellschafter sind ihre Tochter Cornelia Voigt und Torsten Franz. Unterst\u00fctzt wurde Rita Becker-Ochs aber immer auch von ihren Mann Gerhard Ochs. Die Gebr. Schreck Fein-mechanik GmbH & Co. KG fertift heute alle Drehteile selbst udn wickelt auch die ben\u00f6tigten Federn auf eigenen Automaten. In der Dreherei kommen vier   <\/p>\n<\/div>\n\n\n\n<div class=\"wp-block-column is-layout-flow wp-block-column-is-layout-flow\">\n<p>hochmoderne CNC-Automaten von STAR, aber auch noch pr\u00e4zise, kurvengesteuerte Automaten von Tornos und Esco zum Einsatz. Seit 2006 gibt es einen Online-Shop. Der Corona-Pandemie und dem Ukraine-Krieg zum Trotz sind nach Auskunft von Rita Becker-Ochs die Ums\u00e4tze konstant geblieben. \u201cDurch Corona beobachten eir gerade im privaten Bereich eine stets steigende Nachfrage nach unseren Fotoausl\u00f6ser.\u201d Vor allem aus den USA k\u00e4men auch Anfragen nach alten Teilen.<\/p>\n\n\n\n<p><a href=\"https:\/\/www.ihk.de\/blueprint\/servlet\/resource\/blob\/5639478\/ba34c188969692f421a16b367b646950\/09-september-2022-data.pdf\">To the article in Wirtschaftsmagazin 9\/2022.<\/a><\/p>\n<\/div>\n<\/div>\n\n\n\n<div style=\"margin-top:var(--wp--preset--spacing--20);margin-bottom:var(--wp--preset--spacing--20);height:100px\" aria-hidden=\"true\" class=\"wp-block-spacer\"><\/div>\n\n\n\n<div id=\"wp-block-themeisle-blocks-accordion-20dd387d\" class=\"wp-block-themeisle-blocks-accordion exclusive\">\n<details class=\"wp-block-themeisle-blocks-accordion-item\"><summary class=\"wp-block-themeisle-blocks-accordion-item__title\"><div>Accordion title 1<\/div><\/summary><div class=\"wp-block-themeisle-blocks-accordion-item__content\">\n<p>This is a placeholder tab content. It is important to have the necessary information in the block, but at this stage, it is just a placeholder to help you visualise how the content is displayed. Feel free to edit this with your actual content.<\/p>\n<\/div><\/details>\n\n\n\n<details class=\"wp-block-themeisle-blocks-accordion-item\"><summary class=\"wp-block-themeisle-blocks-accordion-item__title\"><div>Accordion title 2<\/div><\/summary><div class=\"wp-block-themeisle-blocks-accordion-item__content\">\n<p>This is a placeholder tab content. It is important to have the necessary information in the block, but at this stage, it is just a placeholder to help you visualise how the content is displayed. Feel free to edit this with your actual content.<\/p>\n<\/div><\/details>\n<\/div>","protected":false},"excerpt":{"rendered":"<p>Von Grebenau in die ganze Welt Vor \u00fcber 100 Jahren wurde mit der Gr\u00fcndung der Gebr. Schreck in Wetzlar der Grundstein fp\u00fcr eine Erfolgsgeschichte gelegt. Mittlerweile ist das rund zehn Mitarbeiter z\u00e4hlende Unternehmen im Vogelsberg ans\u00e4ssig und exportiert von hier aus in die ganze Welt. VON PETRA A. ZIELINSKI IHK- Hauptgesch\u00e4ftff\u00fchrer Matthias Leder lie\u00df es [&hellip;]<\/p>\n","protected":false},"author":1,"featured_media":0,"parent":0,"menu_order":0,"comment_status":"closed","ping_status":"closed","template":"","meta":{"site-sidebar-layout":"default","site-content-layout":"","ast-site-content-layout":"default","site-content-style":"default","site-sidebar-style":"default","ast-global-header-display":"","ast-banner-title-visibility":"","ast-main-header-display":"","ast-hfb-above-header-display":"","ast-hfb-below-header-display":"","ast-hfb-mobile-header-display":"","site-post-title":"disabled","ast-breadcrumbs-content":"","ast-featured-img":"","footer-sml-layout":"","ast-disable-related-posts":"","theme-transparent-header-meta":"","adv-header-id-meta":"","stick-header-meta":"","header-above-stick-meta":"","header-main-stick-meta":"","header-below-stick-meta":"","astra-migrate-meta-layouts":"set","ast-page-background-enabled":"default","ast-page-background-meta":{"desktop":{"background-color":"var(--ast-global-color-4)","background-image":"","background-repeat":"repeat","background-position":"center center","background-size":"auto","background-attachment":"scroll","background-type":"","background-media":"","overlay-type":"","overlay-color":"","overlay-opacity":"","overlay-gradient":""},"tablet":{"background-color":"","background-image":"","background-repeat":"repeat","background-position":"center center","background-size":"auto","background-attachment":"scroll","background-type":"","background-media":"","overlay-type":"","overlay-color":"","overlay-opacity":"","overlay-gradient":""},"mobile":{"background-color":"","background-image":"","background-repeat":"repeat","background-position":"center center","background-size":"auto","background-attachment":"scroll","background-type":"","background-media":"","overlay-type":"","overlay-color":"","overlay-opacity":"","overlay-gradient":""}},"ast-content-background-meta":{"desktop":{"background-color":"var(--ast-global-color-5)","background-image":"","background-repeat":"repeat","background-position":"center center","background-size":"auto","background-attachment":"scroll","background-type":"","background-media":"","overlay-type":"","overlay-color":"","overlay-opacity":"","overlay-gradient":""},"tablet":{"background-color":"var(--ast-global-color-5)","background-image":"","background-repeat":"repeat","background-position":"center center","background-size":"auto","background-attachment":"scroll","background-type":"","background-media":"","overlay-type":"","overlay-color":"","overlay-opacity":"","overlay-gradient":""},"mobile":{"background-color":"var(--ast-global-color-5)","background-image":"","background-repeat":"repeat","background-position":"center center","background-size":"auto","background-attachment":"scroll","background-type":"","background-media":"","overlay-type":"","overlay-color":"","overlay-opacity":"","overlay-gradient":""}},"_themeisle_gutenberg_block_has_review":false,"footnotes":""},"class_list":["post-100","page","type-page","status-publish","hentry"],"jetpack_sharing_enabled":true,"_links":{"self":[{"href":"https:\/\/gebr-schreck.com\/en\/wp-json\/wp\/v2\/pages\/100","targetHints":{"allow":["GET"]}}],"collection":[{"href":"https:\/\/gebr-schreck.com\/en\/wp-json\/wp\/v2\/pages"}],"about":[{"href":"https:\/\/gebr-schreck.com\/en\/wp-json\/wp\/v2\/types\/page"}],"author":[{"embeddable":true,"href":"https:\/\/gebr-schreck.com\/en\/wp-json\/wp\/v2\/users\/1"}],"replies":[{"embeddable":true,"href":"https:\/\/gebr-schreck.com\/en\/wp-json\/wp\/v2\/comments?post=100"}],"version-history":[{"count":11,"href":"https:\/\/gebr-schreck.com\/en\/wp-json\/wp\/v2\/pages\/100\/revisions"}],"predecessor-version":[{"id":1484,"href":"https:\/\/gebr-schreck.com\/en\/wp-json\/wp\/v2\/pages\/100\/revisions\/1484"}],"wp:attachment":[{"href":"https:\/\/gebr-schreck.com\/en\/wp-json\/wp\/v2\/media?parent=100"}],"curies":[{"name":"wp","href":"https:\/\/api.w.org\/{rel}","templated":true}]}}