{"id":18,"date":"2022-10-12T08:55:58","date_gmt":"2022-10-12T08:55:58","guid":{"rendered":"https:\/\/gebr-schreck.com\/?page_id=18"},"modified":"2023-01-22T14:59:35","modified_gmt":"2023-01-22T14:59:35","slug":"unternehmen","status":"publish","type":"page","link":"https:\/\/gebr-schreck.com\/en\/unternehmen\/","title":{"rendered":"Company"},"content":{"rendered":"<div style=\"height:35px\" aria-hidden=\"true\" class=\"wp-block-spacer\"><\/div>\n\n\n\n<div class=\"wp-block-media-text alignwide has-media-on-the-right is-stacked-on-mobile\" style=\"grid-template-columns:auto 40%\"><div class=\"wp-block-media-text__content\">\n<h1 class=\"wp-block-heading\">The company<\/h1>\n\n\n\n<div style=\"height:17px\" aria-hidden=\"true\" class=\"wp-block-spacer\"><\/div>\n\n\n\n<p>Founded in 1922 by the Gebr\u00fcder Schreck in Wetzlar. Sinec that time, the company has been producing cable releases for photography. Interrupted only by forced farming during the war. In 1963 the company was bought by Rolf Becker and moved its headquarters to Grebenau\/ Schwarz in 1965. From 1970, cable releases for industrial use were included in the production program. Through consistent further development of production, an ever greater vertical range of manufacture was achieved.<\/p>\n\n\n\n<p>Gebr. Schreck fertigt heute alle Drehteile selbst und wickelt auch die ben\u00f6tigten Federn auf eigenen Automaten. F\u00fcr die Dreherei verf\u00fcgt die Firma \u00fcber moderne CNC-Automaten von STAR, aber auch immer noch \u00fcber pr\u00e4zise und zuverl\u00e4ssige, Kurven gesteuerte Automaten von Tornos und ESCO. Auf Grund der Ausstattung und des vorhandenen Know-how\u2019s werden f\u00fcr die Dreherei auch Fremdauftr\u00e4ge bis 10mm Durchmesser angenommen. Kundenanforderungen werden von der eigenen Entwicklungsabteilung in Zusammenarbeit mit den Kunden bis hin zur Einsatzreife bearbeitet.<\/p>\n<\/div><figure class=\"wp-block-media-text__media\"><img loading=\"lazy\" decoding=\"async\" width=\"340\" height=\"191\" src=\"https:\/\/gebr-schreck.com\/wp-content\/uploads\/2022\/10\/Firmenbild1-2.gif\" alt=\"\" class=\"wp-image-127 size-full\"\/><\/figure><\/div>\n\n\n\n<div style=\"height:150px\" aria-hidden=\"true\" class=\"wp-block-spacer\"><\/div>\n\n\n\n<h1 class=\"wp-block-heading has-text-align-center\"><strong>The Gebr. Schreck company is 50 years old<\/strong><\/h1>\n\n\n\n<h5 class=\"wp-block-heading has-text-align-center\">Wechselvolle Geschichte \u2013 Erzeugnisse auch f\u00fcr US-Mondsonden<\/h5>\n\n\n\n<div style=\"height:50px\" aria-hidden=\"true\" class=\"wp-block-spacer\"><\/div>\n\n\n\n<div class=\"wp-block-columns is-layout-flex wp-container-core-columns-is-layout-28f84493 wp-block-columns-is-layout-flex\">\n<div class=\"wp-block-column is-layout-flow wp-block-column-is-layout-flow\">\n<p><em>Tuesday June 13, 1972<\/em><\/p>\n\n\n\n<p class=\"translation-block\"><strong>Grebenau-Schwarz<\/strong> (H). This month, the Gebr. Schreck company, owned by Rolf Becker, is celebrating its 50th anniversary in the Schwarz district. It was founded in Wetzlar on June 8, 1922 by the two precision engineering masters Karl and Adolf Schreck. From the very beginning, the company was involved in the manufacture of motor vehicle parts and then manufactured parts for microscopes, which were supplied to the Leitz company in Wetzler. In 1927 the production of cable releases was started; about 20 employees were employed. In a short time, this export item rose to 60 percent of total production. The company delivered cable releases to America until 1941 and then had to work as an armaments factory for the Air Force and Navy. In 1945 the old production was resumed and in a short time the export share rose to about 80 percent in the 1950s. During this time, the number of employees often grew to 40 people. On January 1, 1963, the technical businessman Rolf Becker from Frankfurt took over the business and in 1965 he moved to Grebenau-Schwarz. Half a million cable releases are currently manufactured annually and the export share is 40 percent. Well-known camera factories such as Leitz, Linhof, Eitmig and others are among them<\/p>\n<\/div>\n\n\n\n<div class=\"wp-block-column is-layout-flow wp-block-column-is-layout-flow\">\n<figure class=\"wp-block-image size-full is-resized\"><img loading=\"lazy\" decoding=\"async\" src=\"https:\/\/gebr-schreck.com\/wp-content\/uploads\/2022\/11\/Screenshot-2022-11-28-093903-4.png\" alt=\"\" class=\"wp-image-1045\" width=\"587\" height=\"359\" srcset=\"https:\/\/gebr-schreck.com\/wp-content\/uploads\/2022\/11\/Screenshot-2022-11-28-093903-4.png 617w, https:\/\/gebr-schreck.com\/wp-content\/uploads\/2022\/11\/Screenshot-2022-11-28-093903-4-300x184.png 300w, https:\/\/gebr-schreck.com\/wp-content\/uploads\/2022\/11\/Screenshot-2022-11-28-093903-4-18x12.png 18w, https:\/\/gebr-schreck.com\/wp-content\/uploads\/2022\/11\/Screenshot-2022-11-28-093903-4-600x368.png 600w\" sizes=\"auto, (max-width: 587px) 100vw, 587px\" \/><\/figure>\n\n\n\n<p>Kundenkreis der Firma Gebr. Schreck im In \u2013 und Ausland. Selbst die NASA geh\u00f6rt zu ihren Abnehmern. So sind Schreck-Drahtausl\u00f6ser beispielsweise auch in den Mondsonden eingebaut.<\/p>\n<\/div>\n<\/div>\n\n\n\n<div style=\"margin-top:var(--wp--preset--spacing--20);margin-bottom:var(--wp--preset--spacing--20);height:100px\" aria-hidden=\"true\" class=\"wp-block-spacer\"><\/div>","protected":false},"excerpt":{"rendered":"<p>Firma Gebr. Schreck 50 Jahre alt Wechselvolle Geschichte \u2013 Erzeugnisse auch f\u00fcr US-Mondsonden Dienstag, 13. Juni 1972 Grebenau-Schwarz (H). In diesem Monat feiert die Firma Gebr. Schreck, Inhaber Rolf Becker, im Stadtteil Schwarz ihr 50-j\u00e4hriges Jubil\u00e4um. Sie wurde am 8. Juni 1922 von den beiden Feinmechnikmeistern Karl und Adolf Schreck in Wetzlar gegr\u00fcndet. Das Unternehmen [&hellip;]<\/p>\n","protected":false},"author":1,"featured_media":0,"parent":0,"menu_order":0,"comment_status":"closed","ping_status":"closed","template":"","meta":{"site-sidebar-layout":"default","site-content-layout":"","ast-site-content-layout":"default","site-content-style":"default","site-sidebar-style":"default","ast-global-header-display":"","ast-banner-title-visibility":"","ast-main-header-display":"","ast-hfb-above-header-display":"","ast-hfb-below-header-display":"","ast-hfb-mobile-header-display":"","site-post-title":"disabled","ast-breadcrumbs-content":"","ast-featured-img":"","footer-sml-layout":"","ast-disable-related-posts":"","theme-transparent-header-meta":"","adv-header-id-meta":"","stick-header-meta":"","header-above-stick-meta":"","header-main-stick-meta":"","header-below-stick-meta":"","astra-migrate-meta-layouts":"default","ast-page-background-enabled":"default","ast-page-background-meta":{"desktop":{"background-color":"var(--ast-global-color-4)","background-image":"","background-repeat":"repeat","background-position":"center center","background-size":"auto","background-attachment":"scroll","background-type":"","background-media":"","overlay-type":"","overlay-color":"","overlay-opacity":"","overlay-gradient":""},"tablet":{"background-color":"","background-image":"","background-repeat":"repeat","background-position":"center center","background-size":"auto","background-attachment":"scroll","background-type":"","background-media":"","overlay-type":"","overlay-color":"","overlay-opacity":"","overlay-gradient":""},"mobile":{"background-color":"","background-image":"","background-repeat":"repeat","background-position":"center center","background-size":"auto","background-attachment":"scroll","background-type":"","background-media":"","overlay-type":"","overlay-color":"","overlay-opacity":"","overlay-gradient":""}},"ast-content-background-meta":{"desktop":{"background-color":"var(--ast-global-color-5)","background-image":"","background-repeat":"repeat","background-position":"center center","background-size":"auto","background-attachment":"scroll","background-type":"","background-media":"","overlay-type":"","overlay-color":"","overlay-opacity":"","overlay-gradient":""},"tablet":{"background-color":"var(--ast-global-color-5)","background-image":"","background-repeat":"repeat","background-position":"center center","background-size":"auto","background-attachment":"scroll","background-type":"","background-media":"","overlay-type":"","overlay-color":"","overlay-opacity":"","overlay-gradient":""},"mobile":{"background-color":"var(--ast-global-color-5)","background-image":"","background-repeat":"repeat","background-position":"center center","background-size":"auto","background-attachment":"scroll","background-type":"","background-media":"","overlay-type":"","overlay-color":"","overlay-opacity":"","overlay-gradient":""}},"_themeisle_gutenberg_block_has_review":false,"footnotes":""},"class_list":["post-18","page","type-page","status-publish","hentry"],"jetpack_sharing_enabled":true,"_links":{"self":[{"href":"https:\/\/gebr-schreck.com\/en\/wp-json\/wp\/v2\/pages\/18","targetHints":{"allow":["GET"]}}],"collection":[{"href":"https:\/\/gebr-schreck.com\/en\/wp-json\/wp\/v2\/pages"}],"about":[{"href":"https:\/\/gebr-schreck.com\/en\/wp-json\/wp\/v2\/types\/page"}],"author":[{"embeddable":true,"href":"https:\/\/gebr-schreck.com\/en\/wp-json\/wp\/v2\/users\/1"}],"replies":[{"embeddable":true,"href":"https:\/\/gebr-schreck.com\/en\/wp-json\/wp\/v2\/comments?post=18"}],"version-history":[{"count":11,"href":"https:\/\/gebr-schreck.com\/en\/wp-json\/wp\/v2\/pages\/18\/revisions"}],"predecessor-version":[{"id":1156,"href":"https:\/\/gebr-schreck.com\/en\/wp-json\/wp\/v2\/pages\/18\/revisions\/1156"}],"wp:attachment":[{"href":"https:\/\/gebr-schreck.com\/en\/wp-json\/wp\/v2\/media?parent=18"}],"curies":[{"name":"wp","href":"https:\/\/api.w.org\/{rel}","templated":true}]}}