{"id":43,"date":"2022-10-12T09:18:53","date_gmt":"2022-10-12T09:18:53","guid":{"rendered":"https:\/\/gebr-schreck.com\/?page_id=43"},"modified":"2023-07-18T12:25:34","modified_gmt":"2023-07-18T12:25:34","slug":"fotoausloeser","status":"publish","type":"page","link":"https:\/\/gebr-schreck.com\/en\/fotoausloeser\/","title":{"rendered":"Photo shutter"},"content":{"rendered":"<div style=\"height:35px\" aria-hidden=\"true\" class=\"wp-block-spacer\"><\/div>\n\n\n\n<div class=\"wp-block-media-text alignwide has-media-on-the-right is-stacked-on-mobile\" style=\"grid-template-columns:auto 33%\"><div class=\"wp-block-media-text__content\">\n<h1 class=\"wp-block-heading\">Photo shutter<\/h1>\n\n\n\n<div style=\"height:17px\" aria-hidden=\"true\" class=\"wp-block-spacer\"><\/div>\n\n\n\n<p class=\"translation-block\">Photo shutter releases are an indispensable part of many everyday photographic situations. In the studio for portraits and factual photography, in repo photography, in the great outdoors for landscape and macro photography, long series of shots in laboratories - in short, in most cases where cameras have to be mounted on a tripod, the photo shutter release comes into play. It is the only one that ensures a <strong>vibration-free release process<\/strong> and thus plays a decisive role in the <strong> quality of <\/strong> shots that are at risk of blurring as a result of longer exposure times. That fact that it is usually also by far the least expensive link in the chain of quality-determining hardware components, consisting of camera, lens, tripod and shutter release, further ensures that no photographic image has to suffer a loss of quality for budgetary reason.<\/p>\n\n\n\n<p class=\"translation-block\">Gebr. Schreck develops and manufactures mechanical photo releases and accessories (adapter) for a wide variety of shooting and stress situations. You can learn more about this in <a href=\"https:\/\/gebr-schreck.com\/en\/fotoausloeser-technik\/\" target=\"_self\">Technology<\/a>.<\/p>\n<\/div><figure class=\"wp-block-media-text__media\"><img loading=\"lazy\" decoding=\"async\" width=\"420\" height=\"454\" src=\"https:\/\/gebr-schreck.com\/wp-content\/uploads\/2023\/07\/LinTech420.jpg\" alt=\"\" class=\"wp-image-1340 size-full\" srcset=\"https:\/\/gebr-schreck.com\/wp-content\/uploads\/2023\/07\/LinTech420.jpg 420w, https:\/\/gebr-schreck.com\/wp-content\/uploads\/2023\/07\/LinTech420-278x300.jpg 278w, https:\/\/gebr-schreck.com\/wp-content\/uploads\/2023\/07\/LinTech420-11x12.jpg 11w\" sizes=\"auto, (max-width: 420px) 100vw, 420px\" \/><\/figure><\/div>\n\n\n\n<div class=\"wp-block-columns is-layout-flex wp-container-core-columns-is-layout-28f84493 wp-block-columns-is-layout-flex\">\n<div class=\"wp-block-column is-layout-flow wp-block-column-is-layout-flow\"><\/div>\n\n\n\n<div class=\"wp-block-column is-layout-flow wp-block-column-is-layout-flow\"><\/div>\n\n\n\n<div class=\"wp-block-column is-layout-flow wp-block-column-is-layout-flow\">\n<p class=\"has-text-align-right\">Werkbild Linhof<\/p>\n<\/div>\n<\/div>\n\n\n\n<div style=\"height:150px\" aria-hidden=\"true\" class=\"wp-block-spacer\"><\/div>\n\n\n\n<div class=\"wp-block-columns ticss-7ddca17b is-layout-flex wp-container-core-columns-is-layout-28f84493 wp-block-columns-is-layout-flex\" style=\"border-style:none;border-width:0px;border-radius:0px\">\n<div class=\"wp-block-column is-layout-flow wp-block-column-is-layout-flow\">\n<div class=\"wp-block-columns is-layout-flex wp-container-core-columns-is-layout-28f84493 wp-block-columns-is-layout-flex\">\n<div class=\"wp-block-column has-ast-global-color-4-background-color has-background is-layout-flow wp-block-column-is-layout-flow\" style=\"border-style:none;border-width:0px;padding-top:var(--wp--preset--spacing--60);padding-right:var(--wp--preset--spacing--60);padding-bottom:var(--wp--preset--spacing--60);padding-left:var(--wp--preset--spacing--60)\">\n<figure class=\"wp-block-image aligncenter size-full\"><img loading=\"lazy\" decoding=\"async\" width=\"540\" height=\"80\" src=\"https:\/\/gebr-schreck.com\/wp-content\/uploads\/2022\/10\/FSS-FGSS.gif\" alt=\"\" class=\"wp-image-137\"\/><\/figure>\n\n\n\n<div style=\"height:4px\" aria-hidden=\"true\" class=\"wp-block-spacer\"><\/div>\n\n\n\n<h5 class=\"wp-block-heading\" style=\"font-size:17px\"><strong>Plastic version<\/strong><\/h5>\n\n\n\n<p style=\"line-height:1.5\">With plastic design for increased stress and humid enviroment.<\/p>\n\n\n\n<div style=\"height:17px\" aria-hidden=\"true\" class=\"wp-block-spacer\"><\/div>\n\n\n\n<div class=\"wp-block-buttons is-layout-flex wp-block-buttons-is-layout-flex\">\n<div class=\"wp-block-button\"><a class=\"wp-block-button__link wp-element-button\" href=\"https:\/\/gebr-schreck.com\/en\/kunststoffausfuehrung\/\">To the products<\/a><\/div>\n<\/div>\n<\/div>\n\n\n\n<div class=\"wp-block-column has-ast-global-color-4-background-color has-background is-content-justification-center is-layout-constrained wp-container-core-column-is-layout-bd2582e9 wp-block-column-is-layout-constrained\" style=\"border-style:none;border-width:0px;padding-top:var(--wp--preset--spacing--60);padding-right:var(--wp--preset--spacing--60);padding-bottom:var(--wp--preset--spacing--60);padding-left:var(--wp--preset--spacing--60)\">\n<figure class=\"wp-block-image aligncenter size-full\"><img loading=\"lazy\" decoding=\"async\" width=\"540\" height=\"80\" src=\"https:\/\/gebr-schreck.com\/wp-content\/uploads\/2022\/10\/FSTN-FGKB-1.gif\" alt=\"\" class=\"wp-image-139\"\/><\/figure>\n\n\n\n<div style=\"height:4px\" aria-hidden=\"true\" class=\"wp-block-spacer\"><\/div>\n\n\n\n<h5 class=\"wp-block-heading\" style=\"font-size:17px\"><strong>Steel version<\/strong><\/h5>\n\n\n\n<p style=\"line-height:1.5\">In Stahlausf\u00fchrung mit Nirostafeder \u2013 hochelastisch und besonders leichtg\u00e4ngig<\/p>\n\n\n\n<div style=\"height:17px\" aria-hidden=\"true\" class=\"wp-block-spacer\"><\/div>\n\n\n\n<div class=\"wp-block-buttons is-layout-flex wp-block-buttons-is-layout-flex\">\n<div class=\"wp-block-button\"><a class=\"wp-block-button__link wp-element-button\" href=\"https:\/\/gebr-schreck.com\/en\/stahlausfuehrung\/\">To the products<\/a><\/div>\n<\/div>\n<\/div>\n<\/div>\n<\/div>\n\n\n\n<div class=\"wp-block-column has-ast-global-color-5-background-color has-background is-layout-flow wp-block-column-is-layout-flow\">\n<div class=\"wp-block-columns is-layout-flex wp-container-core-columns-is-layout-28f84493 wp-block-columns-is-layout-flex\">\n<div class=\"wp-block-column has-ast-global-color-4-background-color has-background is-layout-flow wp-block-column-is-layout-flow\" style=\"border-style:none;border-width:0px;padding-top:var(--wp--preset--spacing--60);padding-right:var(--wp--preset--spacing--60);padding-bottom:var(--wp--preset--spacing--60);padding-left:var(--wp--preset--spacing--60)\">\n<figure class=\"wp-block-image aligncenter size-full\"><a href=\"https:\/\/gebr-schreck.com\/en\/stoffausfuehrung\/\"><img loading=\"lazy\" decoding=\"async\" width=\"540\" height=\"80\" src=\"https:\/\/gebr-schreck.com\/wp-content\/uploads\/2022\/10\/FS-PRKB.gif\" alt=\"\" class=\"wp-image-136\"\/><\/a><\/figure>\n\n\n\n<div style=\"height:4px\" aria-hidden=\"true\" class=\"wp-block-spacer\"><\/div>\n\n\n\n<h5 class=\"wp-block-heading\" style=\"font-size:17px\"><strong>Fabric finish<\/strong><\/h5>\n\n\n\n<p style=\"line-height:1.5\">As fabric version for normal use in dry enviroment.<\/p>\n\n\n\n<div style=\"height:17px\" aria-hidden=\"true\" class=\"wp-block-spacer\"><\/div>\n\n\n\n<div class=\"wp-block-buttons is-layout-flex wp-block-buttons-is-layout-flex\">\n<div class=\"wp-block-button\"><a class=\"wp-block-button__link wp-element-button\" href=\"https:\/\/gebr-schreck.com\/en\/stoffausfuehrung\/\">To the products<\/a><\/div>\n<\/div>\n<\/div>\n\n\n\n<div class=\"wp-block-column is-vertically-aligned-top has-ast-global-color-4-background-color has-background is-layout-flow wp-block-column-is-layout-flow\" style=\"border-style:none;border-width:0px;padding-top:var(--wp--preset--spacing--60);padding-right:var(--wp--preset--spacing--60);padding-bottom:var(--wp--preset--spacing--60);padding-left:var(--wp--preset--spacing--60)\">\n<figure class=\"wp-block-image size-full\"><img loading=\"lazy\" decoding=\"async\" width=\"330\" height=\"40\" src=\"https:\/\/gebr-schreck.com\/wp-content\/uploads\/2022\/10\/VL-330.gif\" alt=\"\" class=\"wp-image-179\"\/><\/figure>\n\n\n\n<div style=\"height:4px\" aria-hidden=\"true\" class=\"wp-block-spacer\"><\/div>\n\n\n\n<h5 class=\"wp-block-heading\" style=\"font-size:17px\"><strong>Adapter<\/strong><\/h5>\n\n\n\n<p style=\"line-height:1.5\">Adapters extend deflection angle and release length in difficult shooting situations.<\/p>\n\n\n\n<div style=\"height:1px\" aria-hidden=\"true\" class=\"wp-block-spacer\"><\/div>\n\n\n\n<div class=\"wp-block-buttons is-layout-flex wp-block-buttons-is-layout-flex\">\n<div class=\"wp-block-button\"><a class=\"wp-block-button__link wp-element-button\" href=\"https:\/\/gebr-schreck.com\/en\/adapter\/\">To the products<\/a><\/div>\n<\/div>\n<\/div>\n<\/div>\n<\/div>\n<\/div>\n\n\n\n<div style=\"height:250px\" aria-hidden=\"true\" class=\"wp-block-spacer\"><\/div>\n\n\n\n<div class=\"wp-block-media-text alignwide has-media-on-the-right is-stacked-on-mobile\" style=\"grid-template-columns:auto 26%\"><div class=\"wp-block-media-text__content\">\n<h2 class=\"wp-block-heading\">Ihre Kamera \u2013 unsere Ausl\u00f6ser<\/h2>\n\n\n\n<p>Fotoausl\u00f6ser z\u00e4hlen in der Regel nicht zur Originalausstattung von Kameras und Fachobjektiven und falls Sie eine entsprechende Nachr\u00fcstung planen, finden Sie in <a href=\"https:\/\/gebr-schreck.com\/en\/fotoausloeser-technik\/\">Technology<\/a> weiterf\u00fchrende Informationen zur Auswahl. Bei Unsicherheiten hinsichtlich des zu verwendenden Types (mechanisch oder elektrisch), kl\u00e4ren Sie bitte zuerst, ob Ihre Kamera bzw. das Fachobjektiv einen <strong>Drahtausl\u00f6seranschluss<\/strong> besitzt. (Sie erkennen das evtl. an einer Gewinde\u00f6ffnung, in die das Endst\u00fcck des Ausl\u00f6sers eingeschraubt werden kann.) Bitte haben Sie Verst\u00e4ndnis daf\u00fcr, dass wir diese Fragen <strong>nicht<\/strong> verbindlich beantworten k\u00f6nnen und wenden Sie sich bei Unklarheiten an den Hersteller Ihrer Kamera bzw. Ihres Fachobjektives.<\/p>\n<\/div><figure class=\"wp-block-media-text__media\"><img loading=\"lazy\" decoding=\"async\" width=\"180\" height=\"246\" src=\"https:\/\/gebr-schreck.com\/wp-content\/uploads\/2022\/11\/P67-II.gif\" alt=\"\" class=\"wp-image-999 size-full\"\/><\/figure><\/div>\n\n\n\n<div style=\"height:51px\" aria-hidden=\"true\" class=\"wp-block-spacer\"><\/div>\n\n\n\n<div style=\"margin-top:var(--wp--preset--spacing--20);margin-bottom:var(--wp--preset--spacing--20);height:100px\" aria-hidden=\"true\" class=\"wp-block-spacer\"><\/div>","protected":false},"excerpt":{"rendered":"<p>Werkbild Linhof Kunststoffausf\u00fchrung Mit Kunststoffausf\u00fchrung f\u00fcr erh\u00f6hte Beanspruchung und feuchte Umgebung Stahlausf\u00fchrung In Stahlausf\u00fchrung mit Nirostafeder \u2013 hochelastisch und besonders leichtg\u00e4ngig Stoffausf\u00fchrung Als Stoffausf\u00fchrung f\u00fcr normale Beanspruchung in trockener Umgebung Adapter Adapter erweitern Umlenkungswinkel und Ausl\u00f6sel\u00e4nge in schwierige Aufnahmesituationen Ihre Kamera \u2013 unsere Ausl\u00f6ser Fotoausl\u00f6ser z\u00e4hlen in der Regel nicht zur Originalausstattung von Kameras und [&hellip;]<\/p>\n","protected":false},"author":1,"featured_media":0,"parent":0,"menu_order":0,"comment_status":"closed","ping_status":"closed","template":"","meta":{"site-sidebar-layout":"default","site-content-layout":"","ast-site-content-layout":"default","site-content-style":"default","site-sidebar-style":"default","ast-global-header-display":"","ast-banner-title-visibility":"","ast-main-header-display":"","ast-hfb-above-header-display":"","ast-hfb-below-header-display":"","ast-hfb-mobile-header-display":"","site-post-title":"disabled","ast-breadcrumbs-content":"","ast-featured-img":"","footer-sml-layout":"","ast-disable-related-posts":"","theme-transparent-header-meta":"","adv-header-id-meta":"","stick-header-meta":"","header-above-stick-meta":"","header-main-stick-meta":"","header-below-stick-meta":"","astra-migrate-meta-layouts":"default","ast-page-background-enabled":"default","ast-page-background-meta":{"desktop":{"background-color":"var(--ast-global-color-4)","background-image":"","background-repeat":"repeat","background-position":"center center","background-size":"auto","background-attachment":"scroll","background-type":"","background-media":"","overlay-type":"","overlay-color":"","overlay-opacity":"","overlay-gradient":""},"tablet":{"background-color":"","background-image":"","background-repeat":"repeat","background-position":"center center","background-size":"auto","background-attachment":"scroll","background-type":"","background-media":"","overlay-type":"","overlay-color":"","overlay-opacity":"","overlay-gradient":""},"mobile":{"background-color":"","background-image":"","background-repeat":"repeat","background-position":"center center","background-size":"auto","background-attachment":"scroll","background-type":"","background-media":"","overlay-type":"","overlay-color":"","overlay-opacity":"","overlay-gradient":""}},"ast-content-background-meta":{"desktop":{"background-color":"var(--ast-global-color-5)","background-image":"","background-repeat":"repeat","background-position":"center center","background-size":"auto","background-attachment":"scroll","background-type":"","background-media":"","overlay-type":"","overlay-color":"","overlay-opacity":"","overlay-gradient":""},"tablet":{"background-color":"var(--ast-global-color-5)","background-image":"","background-repeat":"repeat","background-position":"center center","background-size":"auto","background-attachment":"scroll","background-type":"","background-media":"","overlay-type":"","overlay-color":"","overlay-opacity":"","overlay-gradient":""},"mobile":{"background-color":"var(--ast-global-color-5)","background-image":"","background-repeat":"repeat","background-position":"center center","background-size":"auto","background-attachment":"scroll","background-type":"","background-media":"","overlay-type":"","overlay-color":"","overlay-opacity":"","overlay-gradient":""}},"_themeisle_gutenberg_block_has_review":false,"footnotes":""},"class_list":["post-43","page","type-page","status-publish","hentry"],"jetpack_sharing_enabled":true,"_links":{"self":[{"href":"https:\/\/gebr-schreck.com\/en\/wp-json\/wp\/v2\/pages\/43","targetHints":{"allow":["GET"]}}],"collection":[{"href":"https:\/\/gebr-schreck.com\/en\/wp-json\/wp\/v2\/pages"}],"about":[{"href":"https:\/\/gebr-schreck.com\/en\/wp-json\/wp\/v2\/types\/page"}],"author":[{"embeddable":true,"href":"https:\/\/gebr-schreck.com\/en\/wp-json\/wp\/v2\/users\/1"}],"replies":[{"embeddable":true,"href":"https:\/\/gebr-schreck.com\/en\/wp-json\/wp\/v2\/comments?post=43"}],"version-history":[{"count":71,"href":"https:\/\/gebr-schreck.com\/en\/wp-json\/wp\/v2\/pages\/43\/revisions"}],"predecessor-version":[{"id":1349,"href":"https:\/\/gebr-schreck.com\/en\/wp-json\/wp\/v2\/pages\/43\/revisions\/1349"}],"wp:attachment":[{"href":"https:\/\/gebr-schreck.com\/en\/wp-json\/wp\/v2\/media?parent=43"}],"curies":[{"name":"wp","href":"https:\/\/api.w.org\/{rel}","templated":true}]}}