{"id":44,"date":"2022-10-12T09:18:53","date_gmt":"2022-10-12T09:18:53","guid":{"rendered":"https:\/\/gebr-schreck.com\/?page_id=44"},"modified":"2023-01-22T14:42:19","modified_gmt":"2023-01-22T14:42:19","slug":"industrieausloeser","status":"publish","type":"page","link":"https:\/\/gebr-schreck.com\/en\/industrieausloeser\/","title":{"rendered":"Industrial releases"},"content":{"rendered":"<div style=\"height:35px\" aria-hidden=\"true\" class=\"wp-block-spacer\"><\/div>\n\n\n\n<div class=\"wp-block-columns is-layout-flex wp-container-core-columns-is-layout-28f84493 wp-block-columns-is-layout-flex\">\n<div class=\"wp-block-column is-layout-flow wp-block-column-is-layout-flow\" style=\"flex-basis:66.66%\">\n<h1 class=\"wp-block-heading ticss-8e77f480\">Industrial releases<\/h1>\n\n\n\n<div style=\"height:17px\" aria-hidden=\"true\" class=\"wp-block-spacer\"><\/div>\n\n\n\n<p class=\"translation-block\">In industrial applications, cable releases are the replacement for other mechanical remote actuation systems such as switch or lever linkages. What is required here is remote actuation over greater distances up to several meters. Not always in straight line, but mostly on winding paths. This is where teh cable release shows <strong>its flexible<\/strong> and <strong> universal routing<\/strong> as an unbeatable strength: <strong> spacesaving, with foolproof installation and absolutely maintenance-free in operation.<\/strong><\/p>\n\n\n\n<p class=\"translation-block\"><strong>In many applications, the cable release increases operational and operating safety<\/strong> because it continues to function even if electrical, hydraulic or pneumatic supply devices have failed. Here, the cable release offers an optimal redundancy and emergency concept -<strong>at minimal cost<\/strong>. Since the design of industrial releases depends on the particular application, we do not offer standard designs for this product series, but work out the appropriate and individual solution in cooperation with our customers.<\/p>\n\n\n\n<p class=\"translation-block\">You can find out more about the <strong>industrial releases<\/strong> product group under <a href=\"https:\/\/gebr-schreck.com\/en\/industrieausloeser-technik\/\" target=\"_self\">Technology<\/a>.<\/p>\n<\/div>\n\n\n\n<div class=\"wp-block-column is-layout-flow wp-block-column-is-layout-flow\"><\/div>\n\n\n\n<div class=\"wp-block-column is-layout-flow wp-block-column-is-layout-flow\" style=\"flex-basis:33.33%\">\n<div style=\"height:100px\" aria-hidden=\"true\" class=\"wp-block-spacer\"><\/div>\n\n\n\n<figure class=\"wp-block-image size-full\"><img loading=\"lazy\" decoding=\"async\" width=\"540\" height=\"45\" src=\"https:\/\/gebr-schreck.com\/wp-content\/uploads\/2022\/11\/IA1.gif\" alt=\"\" class=\"wp-image-837\"\/><\/figure>\n\n\n\n<div style=\"height:5px\" aria-hidden=\"true\" class=\"wp-block-spacer\"><\/div>\n\n\n\n<figure class=\"wp-block-image size-full\"><img loading=\"lazy\" decoding=\"async\" width=\"539\" height=\"45\" src=\"https:\/\/gebr-schreck.com\/wp-content\/uploads\/2022\/11\/IA2-1.gif\" alt=\"\" class=\"wp-image-838\"\/><\/figure>\n\n\n\n<div style=\"height:5px\" aria-hidden=\"true\" class=\"wp-block-spacer\"><\/div>\n\n\n\n<figure class=\"wp-block-image size-full\"><img loading=\"lazy\" decoding=\"async\" width=\"540\" height=\"47\" src=\"https:\/\/gebr-schreck.com\/wp-content\/uploads\/2022\/11\/IA3-1.gif\" alt=\"\" class=\"wp-image-839\"\/><\/figure>\n<\/div>\n<\/div>\n\n\n\n<div style=\"margin-top:var(--wp--preset--spacing--20);margin-bottom:var(--wp--preset--spacing--20);height:100px\" aria-hidden=\"true\" class=\"wp-block-spacer\"><\/div>","protected":false},"excerpt":{"rendered":"<p>Industrieausl\u00f6ser Bei Anwendungen in der Industrie sind Drahtausl\u00f6ser der wirtschaftliche Ersatz f\u00fcr andere mechanische Fernbet\u00e4tigungen wie Schalt- oder Hebelgest\u00e4nge. Gefordert ist hier die Fernbet\u00e4tigung \u00fcber gr\u00f6ssere Entfernungen bis hin zu einigen Metern. Nicht immer gradlinig, sondern meistens auf verwinkelten Wegen.Hier spielt der Drahtausl\u00f6ser seine flexible und universelle Wegf\u00fchrung als unschlagbare St\u00e4rke aus: platzsparend, bei kinderleichter [&hellip;]<\/p>\n","protected":false},"author":1,"featured_media":0,"parent":0,"menu_order":0,"comment_status":"closed","ping_status":"closed","template":"","meta":{"site-sidebar-layout":"default","site-content-layout":"","ast-site-content-layout":"default","site-content-style":"default","site-sidebar-style":"default","ast-global-header-display":"","ast-banner-title-visibility":"","ast-main-header-display":"","ast-hfb-above-header-display":"","ast-hfb-below-header-display":"","ast-hfb-mobile-header-display":"","site-post-title":"disabled","ast-breadcrumbs-content":"","ast-featured-img":"","footer-sml-layout":"","ast-disable-related-posts":"","theme-transparent-header-meta":"","adv-header-id-meta":"","stick-header-meta":"","header-above-stick-meta":"","header-main-stick-meta":"","header-below-stick-meta":"","astra-migrate-meta-layouts":"default","ast-page-background-enabled":"default","ast-page-background-meta":{"desktop":{"background-color":"var(--ast-global-color-4)","background-image":"","background-repeat":"repeat","background-position":"center center","background-size":"auto","background-attachment":"scroll","background-type":"","background-media":"","overlay-type":"","overlay-color":"","overlay-opacity":"","overlay-gradient":""},"tablet":{"background-color":"","background-image":"","background-repeat":"repeat","background-position":"center center","background-size":"auto","background-attachment":"scroll","background-type":"","background-media":"","overlay-type":"","overlay-color":"","overlay-opacity":"","overlay-gradient":""},"mobile":{"background-color":"","background-image":"","background-repeat":"repeat","background-position":"center center","background-size":"auto","background-attachment":"scroll","background-type":"","background-media":"","overlay-type":"","overlay-color":"","overlay-opacity":"","overlay-gradient":""}},"ast-content-background-meta":{"desktop":{"background-color":"var(--ast-global-color-5)","background-image":"","background-repeat":"repeat","background-position":"center center","background-size":"auto","background-attachment":"scroll","background-type":"","background-media":"","overlay-type":"","overlay-color":"","overlay-opacity":"","overlay-gradient":""},"tablet":{"background-color":"var(--ast-global-color-5)","background-image":"","background-repeat":"repeat","background-position":"center center","background-size":"auto","background-attachment":"scroll","background-type":"","background-media":"","overlay-type":"","overlay-color":"","overlay-opacity":"","overlay-gradient":""},"mobile":{"background-color":"var(--ast-global-color-5)","background-image":"","background-repeat":"repeat","background-position":"center center","background-size":"auto","background-attachment":"scroll","background-type":"","background-media":"","overlay-type":"","overlay-color":"","overlay-opacity":"","overlay-gradient":""}},"_themeisle_gutenberg_block_has_review":false,"footnotes":""},"class_list":["post-44","page","type-page","status-publish","hentry"],"jetpack_sharing_enabled":true,"_links":{"self":[{"href":"https:\/\/gebr-schreck.com\/en\/wp-json\/wp\/v2\/pages\/44","targetHints":{"allow":["GET"]}}],"collection":[{"href":"https:\/\/gebr-schreck.com\/en\/wp-json\/wp\/v2\/pages"}],"about":[{"href":"https:\/\/gebr-schreck.com\/en\/wp-json\/wp\/v2\/types\/page"}],"author":[{"embeddable":true,"href":"https:\/\/gebr-schreck.com\/en\/wp-json\/wp\/v2\/users\/1"}],"replies":[{"embeddable":true,"href":"https:\/\/gebr-schreck.com\/en\/wp-json\/wp\/v2\/comments?post=44"}],"version-history":[{"count":7,"href":"https:\/\/gebr-schreck.com\/en\/wp-json\/wp\/v2\/pages\/44\/revisions"}],"predecessor-version":[{"id":1100,"href":"https:\/\/gebr-schreck.com\/en\/wp-json\/wp\/v2\/pages\/44\/revisions\/1100"}],"wp:attachment":[{"href":"https:\/\/gebr-schreck.com\/en\/wp-json\/wp\/v2\/media?parent=44"}],"curies":[{"name":"wp","href":"https:\/\/api.w.org\/{rel}","templated":true}]}}