{"id":514,"date":"2022-10-22T15:01:47","date_gmt":"2022-10-22T15:01:47","guid":{"rendered":"https:\/\/gebr-schreck.com\/?page_id=514"},"modified":"2023-01-22T15:02:39","modified_gmt":"2023-01-22T15:02:39","slug":"endstueck","status":"publish","type":"page","link":"https:\/\/gebr-schreck.com\/en\/endstueck\/","title":{"rendered":"End piece"},"content":{"rendered":"<h1 class=\"wp-block-heading\">End piece<\/h1>\n\n\n\n<div class=\"wp-block-media-text alignwide has-media-on-the-right is-stacked-on-mobile\" style=\"grid-template-columns:auto 26%\"><div class=\"wp-block-media-text__content\">\n<p class=\"translation-block\">The end piece rounds off the functionalities of the shutter release with its properties. With its <strong> concial <\/strong> thread, it is screwed onto the camera, where it applies its punctiform release force precisely to the release mechanism inside. All of our releases have a <strong>19mm<\/strong> release stroke. Simple releases have <strong>rigid<\/strong> end pieces. \"Rigid\" in this context means taht when screwed into the camera, the entire release rotates with it. The majority of our release types are equipped with <strong>rotating<\/strong> end pieces. Since only the end piece and not the entire release rotates, they can be replaced much faster and more conveniently than models with a rigid end piece.<\/p>\n<\/div><figure class=\"wp-block-media-text__media\"><img loading=\"lazy\" decoding=\"async\" width=\"134\" height=\"33\" src=\"https:\/\/gebr-schreck.com\/wp-content\/uploads\/2022\/10\/FRS-Endstueck.gif\" alt=\"\" class=\"wp-image-515 size-full\"\/><\/figure><\/div>\n\n\n\n<div class=\"wp-block-media-text alignwide is-stacked-on-mobile\" style=\"grid-template-columns:39% auto\"><figure class=\"wp-block-media-text__media\"><img loading=\"lazy\" decoding=\"async\" width=\"362\" height=\"43\" src=\"https:\/\/gebr-schreck.com\/wp-content\/uploads\/2022\/10\/FS-PR-Endstueck.gif\" alt=\"\" class=\"wp-image-516 size-full\"\/><\/figure><div class=\"wp-block-media-text__content\">\n<p class=\"translation-block\">As an additional reinforcement, an <strong> anti-knik spring<\/strong> above teh rotating end piece prevents teh release pin from jamming inside the camera in the professional series.<\/p>\n<\/div><\/div>\n\n\n\n<div style=\"height:60px\" aria-hidden=\"true\" class=\"wp-block-spacer\"><\/div>\n\n\n\n<p>Here you can lear even more about the technical data of our photo triggers.<\/p>\n\n\n\n<div class=\"wp-block-buttons is-layout-flex wp-block-buttons-is-layout-flex\">\n<div class=\"wp-block-button\"><a class=\"wp-block-button__link wp-element-button\" href=\"https:\/\/gebr-schreck.com\/en\/griffstueck\/\">Handles<\/a><\/div>\n\n\n\n<div class=\"wp-block-button\"><a class=\"wp-block-button__link wp-element-button\" href=\"https:\/\/gebr-schreck.com\/en\/mantel\/\">Coat<\/a><\/div>\n\n\n\n<div class=\"wp-block-button\"><a class=\"wp-block-button__link wp-element-button\" href=\"https:\/\/gebr-schreck.com\/en\/adapter-2\/\">Adapter<\/a><\/div>\n<\/div>\n\n\n\n<div style=\"margin-top:var(--wp--preset--spacing--20);margin-bottom:var(--wp--preset--spacing--20);height:100px\" aria-hidden=\"true\" class=\"wp-block-spacer\"><\/div>","protected":false},"excerpt":{"rendered":"<p>Endst\u00fcck Das Endst\u00fcck rundet mit seinen Eigenschaften die Funktionalit\u00e4ten des Ausl\u00f6sers ab. Mit seinem konischen Gewinde wird es in die Kamera eingeschraubt und bringt dort seine punktf\u00f6rmige Ausl\u00f6sekraft pr\u00e4zise auf den Ausl\u00f6semechanismus im Inneren. Alle unsere Ausl\u00f6ser haben einen Ausl\u00f6sehub von 19mm. Einfache Ausl\u00f6ser haben starre Endst\u00fccke. \u201eStarr\u201d bedeutet in diesem Zusammenhang, dass sich beim [&hellip;]<\/p>\n","protected":false},"author":1,"featured_media":0,"parent":0,"menu_order":0,"comment_status":"closed","ping_status":"closed","template":"","meta":{"site-sidebar-layout":"default","site-content-layout":"","ast-site-content-layout":"default","site-content-style":"default","site-sidebar-style":"default","ast-global-header-display":"","ast-banner-title-visibility":"","ast-main-header-display":"","ast-hfb-above-header-display":"","ast-hfb-below-header-display":"","ast-hfb-mobile-header-display":"","site-post-title":"disabled","ast-breadcrumbs-content":"","ast-featured-img":"","footer-sml-layout":"","ast-disable-related-posts":"","theme-transparent-header-meta":"","adv-header-id-meta":"","stick-header-meta":"","header-above-stick-meta":"","header-main-stick-meta":"","header-below-stick-meta":"","astra-migrate-meta-layouts":"default","ast-page-background-enabled":"default","ast-page-background-meta":{"desktop":{"background-color":"var(--ast-global-color-4)","background-image":"","background-repeat":"repeat","background-position":"center center","background-size":"auto","background-attachment":"scroll","background-type":"","background-media":"","overlay-type":"","overlay-color":"","overlay-opacity":"","overlay-gradient":""},"tablet":{"background-color":"","background-image":"","background-repeat":"repeat","background-position":"center center","background-size":"auto","background-attachment":"scroll","background-type":"","background-media":"","overlay-type":"","overlay-color":"","overlay-opacity":"","overlay-gradient":""},"mobile":{"background-color":"","background-image":"","background-repeat":"repeat","background-position":"center center","background-size":"auto","background-attachment":"scroll","background-type":"","background-media":"","overlay-type":"","overlay-color":"","overlay-opacity":"","overlay-gradient":""}},"ast-content-background-meta":{"desktop":{"background-color":"var(--ast-global-color-5)","background-image":"","background-repeat":"repeat","background-position":"center center","background-size":"auto","background-attachment":"scroll","background-type":"","background-media":"","overlay-type":"","overlay-color":"","overlay-opacity":"","overlay-gradient":""},"tablet":{"background-color":"var(--ast-global-color-5)","background-image":"","background-repeat":"repeat","background-position":"center center","background-size":"auto","background-attachment":"scroll","background-type":"","background-media":"","overlay-type":"","overlay-color":"","overlay-opacity":"","overlay-gradient":""},"mobile":{"background-color":"var(--ast-global-color-5)","background-image":"","background-repeat":"repeat","background-position":"center center","background-size":"auto","background-attachment":"scroll","background-type":"","background-media":"","overlay-type":"","overlay-color":"","overlay-opacity":"","overlay-gradient":""}},"_themeisle_gutenberg_block_has_review":false,"footnotes":""},"class_list":["post-514","page","type-page","status-publish","hentry"],"jetpack_sharing_enabled":true,"_links":{"self":[{"href":"https:\/\/gebr-schreck.com\/en\/wp-json\/wp\/v2\/pages\/514","targetHints":{"allow":["GET"]}}],"collection":[{"href":"https:\/\/gebr-schreck.com\/en\/wp-json\/wp\/v2\/pages"}],"about":[{"href":"https:\/\/gebr-schreck.com\/en\/wp-json\/wp\/v2\/types\/page"}],"author":[{"embeddable":true,"href":"https:\/\/gebr-schreck.com\/en\/wp-json\/wp\/v2\/users\/1"}],"replies":[{"embeddable":true,"href":"https:\/\/gebr-schreck.com\/en\/wp-json\/wp\/v2\/comments?post=514"}],"version-history":[{"count":6,"href":"https:\/\/gebr-schreck.com\/en\/wp-json\/wp\/v2\/pages\/514\/revisions"}],"predecessor-version":[{"id":1117,"href":"https:\/\/gebr-schreck.com\/en\/wp-json\/wp\/v2\/pages\/514\/revisions\/1117"}],"wp:attachment":[{"href":"https:\/\/gebr-schreck.com\/en\/wp-json\/wp\/v2\/media?parent=514"}],"curies":[{"name":"wp","href":"https:\/\/api.w.org\/{rel}","templated":true}]}}