{"id":534,"date":"2022-10-22T15:28:31","date_gmt":"2022-10-22T15:28:31","guid":{"rendered":"https:\/\/gebr-schreck.com\/?page_id=534"},"modified":"2022-11-26T14:08:51","modified_gmt":"2022-11-26T14:08:51","slug":"wegeteile","status":"publish","type":"page","link":"https:\/\/gebr-schreck.com\/en\/wegeteile\/","title":{"rendered":"Path parts"},"content":{"rendered":"<h1 class=\"wp-block-heading\">Path parts<\/h1>\n\n\n\n<div style=\"height:50px\" aria-hidden=\"true\" class=\"wp-block-spacer\"><\/div>\n\n\n\n<h4 class=\"wp-block-heading\"><strong>Flexible designs<\/strong><br><\/h4>\n\n\n\n<p class=\"translation-block\">The majority of our industrial releases have a flexible way part. Their flexibility (bendability) is achieved by guiding a steel spring in a flexible tape spiral. This spiral is encased in <strong>black plastic<\/strong> and <strong>galvanized metal mesh in transparent shrink tubing<\/strong> (Fig.2 u. 3).<\/p>\n\n\n\n<h4 class=\"wp-block-heading\"><br><strong>Tube shape<\/strong><\/h4>\n\n\n\n<p class=\"translation-block\">However, flexibility in routing is not always required. Quite often, industrial applications require the exact opposite. Thereforce, you can use our <strong>pipe releases<\/strong> in all situations where the routing is specified by design and must be strictly abhered to.<\/p>\n\n\n\n<p>In this design, the steel spring, stainless is desired, is guided in a special brass tube, which can be bent manually without much effort according to the path in the unit\/system specified by the design. The brass tube itself is made of a special alloy which has these bending properties. For protection against environmental influences, the path part is covered with a shrink hose (Fig.1). <\/p>\n\n\n\n<p class=\"translation-block\">The secure the path, the tubes are bent to the correct shape either by template or by hand according to your specifications. Compared to the flexible design, teh tube shape is characterized by its <strong>significantly lower frictional resistance.<\/strong><\/p>\n\n\n\n<p>You can find more information about the way parts and jacket in the chapter <a href=\"https:\/\/gebr-schreck.com\/en\/mantel\/\">Photo shutter\/technique.<\/a><\/p>\n\n\n\n<div class=\"wp-block-columns is-layout-flex wp-container-core-columns-is-layout-28f84493 wp-block-columns-is-layout-flex\">\n<div class=\"wp-block-column has-border-color has-ast-global-color-5-border-color has-ast-global-color-4-background-color has-background is-layout-flow wp-block-column-is-layout-flow\" style=\"border-width:20px;padding-top:var(--wp--preset--spacing--60);padding-right:var(--wp--preset--spacing--60);padding-bottom:var(--wp--preset--spacing--60);padding-left:var(--wp--preset--spacing--60)\">\n<figure class=\"wp-block-image size-full\"><img loading=\"lazy\" decoding=\"async\" width=\"540\" height=\"45\" src=\"https:\/\/gebr-schreck.com\/wp-content\/uploads\/2022\/10\/IA1-WT.gif\" alt=\"\" class=\"wp-image-552\"\/><\/figure>\n\n\n\n<h5 class=\"wp-block-heading\"><strong>Design example<\/strong> <strong>1<\/strong><\/h5>\n\n\n\n<p class=\"translation-block\">Preset routing, bendable brass tube with red plastic coating.<\/p>\n<\/div>\n\n\n\n<div class=\"wp-block-column has-border-color has-ast-global-color-5-border-color has-ast-global-color-4-background-color has-background is-layout-flow wp-block-column-is-layout-flow\" style=\"border-width:20px;padding-top:var(--wp--preset--spacing--60);padding-right:var(--wp--preset--spacing--60);padding-bottom:var(--wp--preset--spacing--60);padding-left:var(--wp--preset--spacing--60)\">\n<figure class=\"wp-block-image size-full\"><img loading=\"lazy\" decoding=\"async\" width=\"539\" height=\"45\" src=\"https:\/\/gebr-schreck.com\/wp-content\/uploads\/2022\/10\/IA2-WT.gif\" alt=\"\" class=\"wp-image-551\"\/><\/figure>\n\n\n\n<h5 class=\"wp-block-heading\"><strong>Design example<\/strong> <strong>2<\/strong><\/h5>\n\n\n\n<p>Flexible path, metal mesh.<\/p>\n<\/div>\n\n\n\n<div class=\"wp-block-column has-border-color has-ast-global-color-5-border-color has-ast-global-color-4-background-color has-background is-layout-flow wp-block-column-is-layout-flow\" style=\"border-width:20px;padding-top:var(--wp--preset--spacing--60);padding-right:var(--wp--preset--spacing--60);padding-bottom:var(--wp--preset--spacing--60);padding-left:var(--wp--preset--spacing--60)\">\n<figure class=\"wp-block-image size-full\"><img loading=\"lazy\" decoding=\"async\" width=\"540\" height=\"47\" src=\"https:\/\/gebr-schreck.com\/wp-content\/uploads\/2022\/10\/IA3-WT.gif\" alt=\"\" class=\"wp-image-553\"\/><\/figure>\n\n\n\n<h5 class=\"wp-block-heading\"><strong>Design example<\/strong> 3<\/h5>\n\n\n\n<p>Flexible path, metal mesh.<\/p>\n<\/div>\n<\/div>\n\n\n\n<div style=\"height:60px\" aria-hidden=\"true\" class=\"wp-block-spacer\"><\/div>\n\n\n\n<p>Here you can learn even more about the technical data of our industrial releases.<\/p>\n\n\n\n<div class=\"wp-block-buttons is-layout-flex wp-block-buttons-is-layout-flex\">\n<div class=\"wp-block-button\"><a class=\"wp-block-button__link wp-element-button\" href=\"https:\/\/gebr-schreck.com\/en\/bedienteile\/\">Control panels<\/a><\/div>\n\n\n\n<div class=\"wp-block-button\"><a class=\"wp-block-button__link wp-element-button\" href=\"https:\/\/gebr-schreck.com\/en\/ausloeseteile\/\">Release parts<\/a><\/div>\n<\/div>","protected":false},"excerpt":{"rendered":"<p>Wegeteile Flexible Bauformen Die Mehrzahl unserer Industrieausl\u00f6ser hat ein flexibles Wegeteil. Ihre Flexibilit\u00e4t (Biegbarkeit) wird dadurch erreicht, dass eine Stahlfeder in einer flexiblen Bandspirale gef\u00fchrt wird. Als Ummantelung dieser Bandspirale gibt es die Varianten schwarzer Kunststoff und verzinktes Metallgewebe in transparentem Schrumpfschlauch (Abb.2 u .3). Rohrform Flexibilit\u00e4t in der Wegf\u00fchrung ist jedoch nicht immer gefragt. [&hellip;]<\/p>\n","protected":false},"author":1,"featured_media":0,"parent":0,"menu_order":0,"comment_status":"closed","ping_status":"closed","template":"","meta":{"site-sidebar-layout":"default","site-content-layout":"","ast-site-content-layout":"default","site-content-style":"default","site-sidebar-style":"default","ast-global-header-display":"","ast-banner-title-visibility":"","ast-main-header-display":"","ast-hfb-above-header-display":"","ast-hfb-below-header-display":"","ast-hfb-mobile-header-display":"","site-post-title":"disabled","ast-breadcrumbs-content":"","ast-featured-img":"","footer-sml-layout":"","ast-disable-related-posts":"","theme-transparent-header-meta":"","adv-header-id-meta":"","stick-header-meta":"","header-above-stick-meta":"","header-main-stick-meta":"","header-below-stick-meta":"","astra-migrate-meta-layouts":"default","ast-page-background-enabled":"default","ast-page-background-meta":{"desktop":{"background-color":"var(--ast-global-color-4)","background-image":"","background-repeat":"repeat","background-position":"center center","background-size":"auto","background-attachment":"scroll","background-type":"","background-media":"","overlay-type":"","overlay-color":"","overlay-opacity":"","overlay-gradient":""},"tablet":{"background-color":"","background-image":"","background-repeat":"repeat","background-position":"center center","background-size":"auto","background-attachment":"scroll","background-type":"","background-media":"","overlay-type":"","overlay-color":"","overlay-opacity":"","overlay-gradient":""},"mobile":{"background-color":"","background-image":"","background-repeat":"repeat","background-position":"center center","background-size":"auto","background-attachment":"scroll","background-type":"","background-media":"","overlay-type":"","overlay-color":"","overlay-opacity":"","overlay-gradient":""}},"ast-content-background-meta":{"desktop":{"background-color":"var(--ast-global-color-5)","background-image":"","background-repeat":"repeat","background-position":"center center","background-size":"auto","background-attachment":"scroll","background-type":"","background-media":"","overlay-type":"","overlay-color":"","overlay-opacity":"","overlay-gradient":""},"tablet":{"background-color":"var(--ast-global-color-5)","background-image":"","background-repeat":"repeat","background-position":"center center","background-size":"auto","background-attachment":"scroll","background-type":"","background-media":"","overlay-type":"","overlay-color":"","overlay-opacity":"","overlay-gradient":""},"mobile":{"background-color":"var(--ast-global-color-5)","background-image":"","background-repeat":"repeat","background-position":"center center","background-size":"auto","background-attachment":"scroll","background-type":"","background-media":"","overlay-type":"","overlay-color":"","overlay-opacity":"","overlay-gradient":""}},"_themeisle_gutenberg_block_has_review":false,"footnotes":""},"class_list":["post-534","page","type-page","status-publish","hentry"],"jetpack_sharing_enabled":true,"_links":{"self":[{"href":"https:\/\/gebr-schreck.com\/en\/wp-json\/wp\/v2\/pages\/534","targetHints":{"allow":["GET"]}}],"collection":[{"href":"https:\/\/gebr-schreck.com\/en\/wp-json\/wp\/v2\/pages"}],"about":[{"href":"https:\/\/gebr-schreck.com\/en\/wp-json\/wp\/v2\/types\/page"}],"author":[{"embeddable":true,"href":"https:\/\/gebr-schreck.com\/en\/wp-json\/wp\/v2\/users\/1"}],"replies":[{"embeddable":true,"href":"https:\/\/gebr-schreck.com\/en\/wp-json\/wp\/v2\/comments?post=534"}],"version-history":[{"count":4,"href":"https:\/\/gebr-schreck.com\/en\/wp-json\/wp\/v2\/pages\/534\/revisions"}],"predecessor-version":[{"id":1018,"href":"https:\/\/gebr-schreck.com\/en\/wp-json\/wp\/v2\/pages\/534\/revisions\/1018"}],"wp:attachment":[{"href":"https:\/\/gebr-schreck.com\/en\/wp-json\/wp\/v2\/media?parent=534"}],"curies":[{"name":"wp","href":"https:\/\/api.w.org\/{rel}","templated":true}]}}