{"id":538,"date":"2022-10-22T15:29:22","date_gmt":"2022-10-22T15:29:22","guid":{"rendered":"https:\/\/gebr-schreck.com\/?page_id=538"},"modified":"2022-11-26T14:10:07","modified_gmt":"2022-11-26T14:10:07","slug":"ausloeseteile","status":"publish","type":"page","link":"https:\/\/gebr-schreck.com\/en\/ausloeseteile\/","title":{"rendered":"Release parts"},"content":{"rendered":"<p><\/p>\n\n\n\n<h1 class=\"wp-block-heading\">Release parts<\/h1>\n\n\n\n<p class=\"translation-block\">The design of the release part depends on the type of mounting at the release point. Common variants are scre-in thread (Fig.1) and 7mm \/ 8mm threaded tube (Fig.2 u. 3). The latter is usually chosen for sheet metal feedthroughs, where is screwed on with 2 nuts. The advantage here is teh possibillity of precise adjustment during installation. The design of the piston pin emerging from teh trigger also depends on the application requirements. Either with thread for screwing into a lever or with round head for direct action on a switch (Fig.1). All visible metallic parts of our cable releases are made of brass and are nickel or chrome plated for surface protection.<\/p>\n\n\n\n<div class=\"wp-block-columns is-layout-flex wp-container-core-columns-is-layout-28f84493 wp-block-columns-is-layout-flex\">\n<div class=\"wp-block-column has-border-color has-ast-global-color-5-border-color has-ast-global-color-4-background-color has-background is-layout-flow wp-block-column-is-layout-flow\" style=\"border-width:20px;padding-top:var(--wp--preset--spacing--60);padding-right:var(--wp--preset--spacing--60);padding-bottom:var(--wp--preset--spacing--60);padding-left:var(--wp--preset--spacing--60)\">\n<figure class=\"wp-block-image size-full\"><img loading=\"lazy\" decoding=\"async\" width=\"540\" height=\"45\" src=\"https:\/\/gebr-schreck.com\/wp-content\/uploads\/2022\/10\/IA1-AT.gif\" alt=\"\" class=\"wp-image-560\"\/><\/figure>\n\n\n\n<h5 class=\"wp-block-heading\"><strong>Design example<\/strong> <strong>1<\/strong><\/h5>\n\n\n\n<p>Rotatable, with screw-in thred, round head.<\/p>\n<\/div>\n\n\n\n<div class=\"wp-block-column has-border-color has-ast-global-color-5-border-color has-ast-global-color-4-background-color has-background is-layout-flow wp-block-column-is-layout-flow\" style=\"border-width:20px;padding-top:var(--wp--preset--spacing--60);padding-right:var(--wp--preset--spacing--60);padding-bottom:var(--wp--preset--spacing--60);padding-left:var(--wp--preset--spacing--60)\">\n<figure class=\"wp-block-image size-full\"><img loading=\"lazy\" decoding=\"async\" width=\"539\" height=\"45\" src=\"https:\/\/gebr-schreck.com\/wp-content\/uploads\/2022\/10\/IA2-AT.gif\" alt=\"\" class=\"wp-image-561\"\/><\/figure>\n\n\n\n<h5 class=\"wp-block-heading\"><strong>Design example<\/strong> <strong>2<\/strong><\/h5>\n\n\n\n<p>Threaded pipe for screwing.<\/p>\n<\/div>\n\n\n\n<div class=\"wp-block-column has-border-color has-ast-global-color-5-border-color has-ast-global-color-4-background-color has-background is-layout-flow wp-block-column-is-layout-flow\" style=\"border-width:20px;padding-top:var(--wp--preset--spacing--60);padding-right:var(--wp--preset--spacing--60);padding-bottom:var(--wp--preset--spacing--60);padding-left:var(--wp--preset--spacing--60)\">\n<figure class=\"wp-block-image size-full\"><img loading=\"lazy\" decoding=\"async\" width=\"540\" height=\"47\" src=\"https:\/\/gebr-schreck.com\/wp-content\/uploads\/2022\/10\/IA3-AT.gif\" alt=\"\" class=\"wp-image-562\"\/><\/figure>\n\n\n\n<h5 class=\"wp-block-heading\"><strong>Design example<\/strong> 3<\/h5>\n\n\n\n<p>Threaded pipe for screwing.<\/p>\n<\/div>\n<\/div>\n\n\n\n<div style=\"height:60px\" aria-hidden=\"true\" class=\"wp-block-spacer\"><\/div>\n\n\n\n<p>Here you can learn even more about the technical data of our industrial releases.<\/p>\n\n\n\n<div class=\"wp-block-buttons is-layout-flex wp-block-buttons-is-layout-flex\">\n<div class=\"wp-block-button\"><a class=\"wp-block-button__link wp-element-button\" href=\"https:\/\/gebr-schreck.com\/en\/bedienteile\/\">Control panels<\/a><\/div>\n\n\n\n<div class=\"wp-block-button\"><a class=\"wp-block-button__link wp-element-button\" href=\"https:\/\/gebr-schreck.com\/en\/wegeteile\/\">Path parts<\/a><\/div>\n<\/div>","protected":false},"excerpt":{"rendered":"<p>Ausl\u00f6seteile Das Ausl\u00f6seteil richtet sich im Aufbau nach der Befestigungsart am Ausl\u00f6sepunkt. G\u00e4ngige Varianten sind Einschraubgewinde (Abb.1) und 7mm \/ 8mm-Gewinderohr (Abb.2 u. 3). Letzteres w\u00e4hlt man \u00fcblicherweise bei Blechdurchf\u00fchrungen, wo es mit 2 Muttern verschraubt wird. Vorteilhaft ist hier die M\u00f6glichkeit zur genauen Justierung beim Einbau.Auch die Bauform des aus dem Ausl\u00f6ser austretenden Kolbenstiftes [&hellip;]<\/p>\n","protected":false},"author":1,"featured_media":0,"parent":0,"menu_order":0,"comment_status":"closed","ping_status":"closed","template":"","meta":{"site-sidebar-layout":"default","site-content-layout":"","ast-site-content-layout":"default","site-content-style":"default","site-sidebar-style":"default","ast-global-header-display":"","ast-banner-title-visibility":"","ast-main-header-display":"","ast-hfb-above-header-display":"","ast-hfb-below-header-display":"","ast-hfb-mobile-header-display":"","site-post-title":"disabled","ast-breadcrumbs-content":"","ast-featured-img":"","footer-sml-layout":"","ast-disable-related-posts":"","theme-transparent-header-meta":"","adv-header-id-meta":"","stick-header-meta":"","header-above-stick-meta":"","header-main-stick-meta":"","header-below-stick-meta":"","astra-migrate-meta-layouts":"default","ast-page-background-enabled":"default","ast-page-background-meta":{"desktop":{"background-color":"var(--ast-global-color-4)","background-image":"","background-repeat":"repeat","background-position":"center center","background-size":"auto","background-attachment":"scroll","background-type":"","background-media":"","overlay-type":"","overlay-color":"","overlay-opacity":"","overlay-gradient":""},"tablet":{"background-color":"","background-image":"","background-repeat":"repeat","background-position":"center center","background-size":"auto","background-attachment":"scroll","background-type":"","background-media":"","overlay-type":"","overlay-color":"","overlay-opacity":"","overlay-gradient":""},"mobile":{"background-color":"","background-image":"","background-repeat":"repeat","background-position":"center center","background-size":"auto","background-attachment":"scroll","background-type":"","background-media":"","overlay-type":"","overlay-color":"","overlay-opacity":"","overlay-gradient":""}},"ast-content-background-meta":{"desktop":{"background-color":"var(--ast-global-color-5)","background-image":"","background-repeat":"repeat","background-position":"center center","background-size":"auto","background-attachment":"scroll","background-type":"","background-media":"","overlay-type":"","overlay-color":"","overlay-opacity":"","overlay-gradient":""},"tablet":{"background-color":"var(--ast-global-color-5)","background-image":"","background-repeat":"repeat","background-position":"center center","background-size":"auto","background-attachment":"scroll","background-type":"","background-media":"","overlay-type":"","overlay-color":"","overlay-opacity":"","overlay-gradient":""},"mobile":{"background-color":"var(--ast-global-color-5)","background-image":"","background-repeat":"repeat","background-position":"center center","background-size":"auto","background-attachment":"scroll","background-type":"","background-media":"","overlay-type":"","overlay-color":"","overlay-opacity":"","overlay-gradient":""}},"_themeisle_gutenberg_block_has_review":false,"footnotes":""},"class_list":["post-538","page","type-page","status-publish","hentry"],"jetpack_sharing_enabled":true,"_links":{"self":[{"href":"https:\/\/gebr-schreck.com\/en\/wp-json\/wp\/v2\/pages\/538","targetHints":{"allow":["GET"]}}],"collection":[{"href":"https:\/\/gebr-schreck.com\/en\/wp-json\/wp\/v2\/pages"}],"about":[{"href":"https:\/\/gebr-schreck.com\/en\/wp-json\/wp\/v2\/types\/page"}],"author":[{"embeddable":true,"href":"https:\/\/gebr-schreck.com\/en\/wp-json\/wp\/v2\/users\/1"}],"replies":[{"embeddable":true,"href":"https:\/\/gebr-schreck.com\/en\/wp-json\/wp\/v2\/comments?post=538"}],"version-history":[{"count":3,"href":"https:\/\/gebr-schreck.com\/en\/wp-json\/wp\/v2\/pages\/538\/revisions"}],"predecessor-version":[{"id":1019,"href":"https:\/\/gebr-schreck.com\/en\/wp-json\/wp\/v2\/pages\/538\/revisions\/1019"}],"wp:attachment":[{"href":"https:\/\/gebr-schreck.com\/en\/wp-json\/wp\/v2\/media?parent=538"}],"curies":[{"name":"wp","href":"https:\/\/api.w.org\/{rel}","templated":true}]}}