{"id":916,"date":"2022-11-03T09:55:29","date_gmt":"2022-11-03T09:55:29","guid":{"rendered":"https:\/\/gebr-schreck.com\/?page_id=916"},"modified":"2023-05-08T10:48:43","modified_gmt":"2023-05-08T10:48:43","slug":"impressum","status":"publish","type":"page","link":"https:\/\/gebr-schreck.com\/en\/impressum\/","title":{"rendered":"Imprint"},"content":{"rendered":"<h1 class=\"wp-block-heading\">Imprint<\/h1>\n\n\n\n<div style=\"height:17px\" aria-hidden=\"true\" class=\"wp-block-spacer\"><\/div>\n\n\n\n<p><strong>www.gebr-schreck.com<\/strong> ist ein Projekt der<br><strong>Gebr. Schreck Feinmechanik GmbH & Co. KG<\/strong><\/p>\n\n\n\n<p>Rainr\u00f6der Weg 51<br>36323 Grebenau-Schwarz<br>Tel. 06646-238<br>Fax 06646-8000<\/p>\n\n\n\n<p>Gie\u00dfen Local Court HRA 4643<br>Sales tax identification number: DE 305105700<br>Tax number: 01 3676 0003<br>Personally liable representative: RBO Verwaltungs-GmbH <\/p>\n\n\n\n<div style=\"height:50px\" aria-hidden=\"true\" class=\"wp-block-spacer\"><\/div>\n\n\n\n<h5 class=\"wp-block-heading\"><strong>Information according to the Consumer Disput Settlement Act (VSBG)<\/strong><\/h5>\n\n\n\n<p class=\"translation-block\">The Gebr. Schreck Feinmechanik GmbH &amp; Co. KG is neigther willing nor obliged to participate in a dispute resolution procedure before a consumer arbitration board. Nevertheless, the lrgislator obliges us to give the users of our online offer the possibility to contact the <strong>online arbitration board of the EU<\/strong> in case of disputes via the following link: <a href=\"http:\/\/ec.europa.eu\/consumers\/odr\/\" target=\"_self\">http:\/\/ec.europa.eu<\/a><\/p>\n\n\n\n<div style=\"height:35px\" aria-hidden=\"true\" class=\"wp-block-spacer\"><\/div>\n\n\n\n<h5 class=\"wp-block-heading\"><strong>Links on our pages<\/strong><\/h5>\n\n\n\n<p>Mit Urteil vom 12. Mai 1998 \u2013 312 0 85\/98 \u2013 \u201cHaftung f\u00fcr Links\u201d hat das Landgericht<br>Hamburg entschieden, dass man durch die Ausbringung eines Links die Inhalte der<br>gelinkten Seite ggf. mit zu verantworten hat. Dies kann \u2013 so das LG \u2013 nur dadurch<br>verhindert werden, dass man sich ausdr\u00fccklich von diesen Inhalten distanziert. Wir<br>distanzieren uns deshalb hiermit ausdr\u00fccklich von allen Inhalten s\u00e4mtlicher gelinkten Seiten<br>auf dieser Homepage. Diese Erkl\u00e4rung gilt f\u00fcr alle auf unseren Internetseiten angebrachten<br>Links.<\/p>\n\n<div class=\"woocommerce woocommerce-gzd woocommerce-gzd-complaints-shortcode\">\n\t\t\t<h3>Alternative Dispute Resolution in accordance with Art. 14 (1) ODR-VO and \u00a7 36 VSBG:<\/h3>\n\t\nZur Teilnahme an einem Streitbeilegungsverfahren vor einer Verbraucherschlichtungsstelle sind wir nicht verpflichtet und nicht bereit.<\/div>","protected":false},"excerpt":{"rendered":"<p>Impressum www.gebr-schreck.com ist ein Projekt derGebr. Schreck Feinmechanik GmbH &#038; Co. KG Rainr\u00f6der Weg 5136323 Grebenau-SchwarzTel. 06646-238Fax 06646-8000 Amtsgericht Gie\u00dfen HRA 4643Umsatzsteuer-Identifikationsnummer: DE 305105700Steuernummer: 01 3676 0003Pers\u00f6nlich haftender Vertreter: RBO Verwaltungs-GmbH Information nach Verbraucherstreitbeilegungsgesetz (VSBG) Die Gebr. Schreck Feinmechanik GmbH &#038; Co. KG ist zur Teilnahme an einemStreitbeilegungsverfahren vor einer Verbraucherschlichtungsstelle weder bereit nochverpflichtet. Dennoch [&hellip;]<\/p>\n","protected":false},"author":1,"featured_media":0,"parent":0,"menu_order":0,"comment_status":"closed","ping_status":"closed","template":"","meta":{"site-sidebar-layout":"default","site-content-layout":"","ast-site-content-layout":"default","site-content-style":"default","site-sidebar-style":"default","ast-global-header-display":"","ast-banner-title-visibility":"","ast-main-header-display":"","ast-hfb-above-header-display":"","ast-hfb-below-header-display":"","ast-hfb-mobile-header-display":"","site-post-title":"disabled","ast-breadcrumbs-content":"","ast-featured-img":"","footer-sml-layout":"","ast-disable-related-posts":"","theme-transparent-header-meta":"","adv-header-id-meta":"","stick-header-meta":"","header-above-stick-meta":"","header-main-stick-meta":"","header-below-stick-meta":"","astra-migrate-meta-layouts":"default","ast-page-background-enabled":"default","ast-page-background-meta":{"desktop":{"background-color":"var(--ast-global-color-4)","background-image":"","background-repeat":"repeat","background-position":"center center","background-size":"auto","background-attachment":"scroll","background-type":"","background-media":"","overlay-type":"","overlay-color":"","overlay-opacity":"","overlay-gradient":""},"tablet":{"background-color":"","background-image":"","background-repeat":"repeat","background-position":"center center","background-size":"auto","background-attachment":"scroll","background-type":"","background-media":"","overlay-type":"","overlay-color":"","overlay-opacity":"","overlay-gradient":""},"mobile":{"background-color":"","background-image":"","background-repeat":"repeat","background-position":"center center","background-size":"auto","background-attachment":"scroll","background-type":"","background-media":"","overlay-type":"","overlay-color":"","overlay-opacity":"","overlay-gradient":""}},"ast-content-background-meta":{"desktop":{"background-color":"var(--ast-global-color-5)","background-image":"","background-repeat":"repeat","background-position":"center center","background-size":"auto","background-attachment":"scroll","background-type":"","background-media":"","overlay-type":"","overlay-color":"","overlay-opacity":"","overlay-gradient":""},"tablet":{"background-color":"var(--ast-global-color-5)","background-image":"","background-repeat":"repeat","background-position":"center center","background-size":"auto","background-attachment":"scroll","background-type":"","background-media":"","overlay-type":"","overlay-color":"","overlay-opacity":"","overlay-gradient":""},"mobile":{"background-color":"var(--ast-global-color-5)","background-image":"","background-repeat":"repeat","background-position":"center center","background-size":"auto","background-attachment":"scroll","background-type":"","background-media":"","overlay-type":"","overlay-color":"","overlay-opacity":"","overlay-gradient":""}},"_themeisle_gutenberg_block_has_review":false,"footnotes":""},"class_list":["post-916","page","type-page","status-publish","hentry"],"jetpack_sharing_enabled":true,"_links":{"self":[{"href":"https:\/\/gebr-schreck.com\/en\/wp-json\/wp\/v2\/pages\/916","targetHints":{"allow":["GET"]}}],"collection":[{"href":"https:\/\/gebr-schreck.com\/en\/wp-json\/wp\/v2\/pages"}],"about":[{"href":"https:\/\/gebr-schreck.com\/en\/wp-json\/wp\/v2\/types\/page"}],"author":[{"embeddable":true,"href":"https:\/\/gebr-schreck.com\/en\/wp-json\/wp\/v2\/users\/1"}],"replies":[{"embeddable":true,"href":"https:\/\/gebr-schreck.com\/en\/wp-json\/wp\/v2\/comments?post=916"}],"version-history":[{"count":11,"href":"https:\/\/gebr-schreck.com\/en\/wp-json\/wp\/v2\/pages\/916\/revisions"}],"predecessor-version":[{"id":1326,"href":"https:\/\/gebr-schreck.com\/en\/wp-json\/wp\/v2\/pages\/916\/revisions\/1326"}],"wp:attachment":[{"href":"https:\/\/gebr-schreck.com\/en\/wp-json\/wp\/v2\/media?parent=916"}],"curies":[{"name":"wp","href":"https:\/\/api.w.org\/{rel}","templated":true}]}}