{"id":660,"date":"2022-10-30T11:44:45","date_gmt":"2022-10-30T11:44:45","guid":{"rendered":"https:\/\/gebr-schreck.com\/?post_type=product&#038;p=660"},"modified":"2023-07-18T12:18:34","modified_gmt":"2023-07-18T12:18:34","slug":"fluegelgriff-mit-kugelbremse","status":"publish","type":"product","link":"https:\/\/gebr-schreck.com\/en\/product\/fluegelgriff-mit-kugelbremse\/","title":{"rendered":"Photo shutter release with stainless steel spring - Wing grip with ball brake"},"content":{"rendered":"<p>The special material properties of this series ensure maximum elasticity. The large contact surface of the wing grip forms a stable abutment for the index and middle finger of the shutter release hand and  this enables particularly soft and smooth release. The ball brake enables convenient long-time exposure, as it locking function remains in place after release until the operator returns it to normal operation. The rotating end piece makes it easier to screw teh shutter release into the camera.<\/p>\n<p><strong>Special suitability:<\/strong> harsh enviromental conditions, camera shutter with increased release resistance, extensive series of shots wirh long exposure times, frequent changing of the shutter release.<\/p>\n<p>You can find out more about the technical data <a href=\"https:\/\/gebr-schreck.com\/en\/mantel\/\">here<\/a>.<\/p>","protected":false},"excerpt":{"rendered":"<p>Die besonderen Materialeigenschaften sorgen bei dieser Baureihe f\u00fcr ein Maximum an Elastizit\u00e4t. Die gro\u00dfe Auflagefl\u00e4che des Fl\u00fcgelgriffes bildet ein stabiles Widerlager f\u00fcr den Zeige- und Mittelfinger der Ausl\u00f6sehand und erm\u00f6glicht dadurch besonders weiche und leichtg\u00e4ngige Ausl\u00f6sungen. Die Kugelbremse erm\u00f6glicht komfortables Langzeitbelichten, da ihre Arretierungsfunktion nach dem Ausl\u00f6sen solange erhalten bleibt, bis sie vom Bediener wieder [&hellip;]<\/p>\n","protected":false},"featured_media":694,"template":"","meta":{"site-sidebar-layout":"default","site-content-layout":"default","ast-site-content-layout":"default","site-content-style":"default","site-sidebar-style":"default","ast-global-header-display":"","ast-banner-title-visibility":"","ast-main-header-display":"","ast-hfb-above-header-display":"","ast-hfb-below-header-display":"","ast-hfb-mobile-header-display":"","site-post-title":"","ast-breadcrumbs-content":"","ast-featured-img":"","footer-sml-layout":"","ast-disable-related-posts":"","theme-transparent-header-meta":"default","adv-header-id-meta":"","stick-header-meta":"","header-above-stick-meta":"","header-main-stick-meta":"","header-below-stick-meta":"","astra-migrate-meta-layouts":"default","ast-page-background-enabled":"default","ast-page-background-meta":{"desktop":{"background-color":"var(--ast-global-color-4)","background-image":"","background-repeat":"repeat","background-position":"center center","background-size":"auto","background-attachment":"scroll","background-type":"","background-media":"","overlay-type":"","overlay-color":"","overlay-opacity":"","overlay-gradient":""},"tablet":{"background-color":"","background-image":"","background-repeat":"repeat","background-position":"center center","background-size":"auto","background-attachment":"scroll","background-type":"","background-media":"","overlay-type":"","overlay-color":"","overlay-opacity":"","overlay-gradient":""},"mobile":{"background-color":"","background-image":"","background-repeat":"repeat","background-position":"center center","background-size":"auto","background-attachment":"scroll","background-type":"","background-media":"","overlay-type":"","overlay-color":"","overlay-opacity":"","overlay-gradient":""}},"ast-content-background-meta":{"desktop":{"background-color":"var(--ast-global-color-5)","background-image":"","background-repeat":"repeat","background-position":"center center","background-size":"auto","background-attachment":"scroll","background-type":"","background-media":"","overlay-type":"","overlay-color":"","overlay-opacity":"","overlay-gradient":""},"tablet":{"background-color":"var(--ast-global-color-5)","background-image":"","background-repeat":"repeat","background-position":"center center","background-size":"auto","background-attachment":"scroll","background-type":"","background-media":"","overlay-type":"","overlay-color":"","overlay-opacity":"","overlay-gradient":""},"mobile":{"background-color":"var(--ast-global-color-5)","background-image":"","background-repeat":"repeat","background-position":"center center","background-size":"auto","background-attachment":"scroll","background-type":"","background-media":"","overlay-type":"","overlay-color":"","overlay-opacity":"","overlay-gradient":""}},"_themeisle_gutenberg_block_has_review":false},"product_brand":[],"product_cat":[24],"product_tag":[],"class_list":{"0":"post-660","1":"product","2":"type-product","3":"status-publish","4":"has-post-thumbnail","6":"product_cat-stahlausfuehrung","7":"desktop-align-left","8":"tablet-align-left","9":"mobile-align-left","11":"first","12":"instock","13":"taxable","14":"shipping-taxable","15":"purchasable","16":"product-type-variable"},"jetpack_sharing_enabled":true,"_links":{"self":[{"href":"https:\/\/gebr-schreck.com\/en\/wp-json\/wp\/v2\/product\/660","targetHints":{"allow":["GET"]}}],"collection":[{"href":"https:\/\/gebr-schreck.com\/en\/wp-json\/wp\/v2\/product"}],"about":[{"href":"https:\/\/gebr-schreck.com\/en\/wp-json\/wp\/v2\/types\/product"}],"wp:featuredmedia":[{"embeddable":true,"href":"https:\/\/gebr-schreck.com\/en\/wp-json\/wp\/v2\/media\/694"}],"wp:attachment":[{"href":"https:\/\/gebr-schreck.com\/en\/wp-json\/wp\/v2\/media?parent=660"}],"wp:term":[{"taxonomy":"product_brand","embeddable":true,"href":"https:\/\/gebr-schreck.com\/en\/wp-json\/wp\/v2\/product_brand?post=660"},{"taxonomy":"product_cat","embeddable":true,"href":"https:\/\/gebr-schreck.com\/en\/wp-json\/wp\/v2\/product_cat?post=660"},{"taxonomy":"product_tag","embeddable":true,"href":"https:\/\/gebr-schreck.com\/en\/wp-json\/wp\/v2\/product_tag?post=660"}],"curies":[{"name":"wp","href":"https:\/\/api.w.org\/{rel}","templated":true}]}}