{"id":711,"date":"2022-11-01T15:52:45","date_gmt":"2022-11-01T15:52:45","guid":{"rendered":"https:\/\/gebr-schreck.com\/?post_type=product&#038;p=711"},"modified":"2023-07-18T12:15:24","modified_gmt":"2023-07-18T12:15:24","slug":"fotoausloeser-kunststoff-fluegelgriff-mit-stellschraube","status":"publish","type":"product","link":"https:\/\/gebr-schreck.com\/en\/product\/fotoausloeser-kunststoff-fluegelgriff-mit-stellschraube\/","title":{"rendered":"Photo shutter release plastic - wing handle with set screw"},"content":{"rendered":"<p class=\"translation-block\">The large contact surface of the <strong> wing grip<\/strong> forms a stable abutment for the index and middle finger of the trigger hand and enables particularly soft and smooth triggering. The <strong> release stroke can be locked with <\/strong> the set screw. This makes it much easier to take pictures with long exposure times. <strong> The rotatable end piece <\/strong> makes it easier to screw the shutter release into the camera. <strong> Particular suitability: <\/strong> camera shutter with increased release resistance, shots with long exposure times.<\/p>\n<p class=\"translation-block\"><strong>Tip:<\/strong> For extensive series of exposures with long exposure times, we recommend the versions with ball brake, which provide even more operating comfort, also enable the faster sequences.<\/p>\n<p>You can find out more about the technical data <a href=\"https:\/\/gebr-schreck.com\/en\/mantel\/\">here<\/a>.<\/p>","protected":false},"excerpt":{"rendered":"<p>Die gro\u00dfe Auflagefl\u00e4che des Fl\u00fcgelgriffes bildet ein stabiles Widerlager f\u00fcr den Zeige- und Mittelfinger der Ausl\u00f6sehand und erm\u00f6glicht dadurch besonders weiche und leichtg\u00e4ngige Ausl\u00f6sungen. Mit der Stellschraube l\u00e4\u00dft sich der Ausl\u00f6sehub arrettieren. Dadurch k\u00f6nnen Aufnahmen mit langen Belichtungszeiten wesentlich komfortabler durchgef\u00fchrt werden. Das drehbare Endst\u00fcck erleichtert das Einschrauben des Ausl\u00f6sers in die Kamera. Besondere Eignung: [&hellip;]<\/p>\n","protected":false},"featured_media":745,"template":"","meta":{"site-sidebar-layout":"default","site-content-layout":"default","ast-site-content-layout":"default","site-content-style":"default","site-sidebar-style":"default","ast-global-header-display":"","ast-banner-title-visibility":"","ast-main-header-display":"","ast-hfb-above-header-display":"","ast-hfb-below-header-display":"","ast-hfb-mobile-header-display":"","site-post-title":"","ast-breadcrumbs-content":"","ast-featured-img":"","footer-sml-layout":"","ast-disable-related-posts":"","theme-transparent-header-meta":"default","adv-header-id-meta":"","stick-header-meta":"","header-above-stick-meta":"","header-main-stick-meta":"","header-below-stick-meta":"","astra-migrate-meta-layouts":"default","ast-page-background-enabled":"default","ast-page-background-meta":{"desktop":{"background-color":"var(--ast-global-color-4)","background-image":"","background-repeat":"repeat","background-position":"center center","background-size":"auto","background-attachment":"scroll","background-type":"","background-media":"","overlay-type":"","overlay-color":"","overlay-opacity":"","overlay-gradient":""},"tablet":{"background-color":"","background-image":"","background-repeat":"repeat","background-position":"center center","background-size":"auto","background-attachment":"scroll","background-type":"","background-media":"","overlay-type":"","overlay-color":"","overlay-opacity":"","overlay-gradient":""},"mobile":{"background-color":"","background-image":"","background-repeat":"repeat","background-position":"center center","background-size":"auto","background-attachment":"scroll","background-type":"","background-media":"","overlay-type":"","overlay-color":"","overlay-opacity":"","overlay-gradient":""}},"ast-content-background-meta":{"desktop":{"background-color":"var(--ast-global-color-5)","background-image":"","background-repeat":"repeat","background-position":"center center","background-size":"auto","background-attachment":"scroll","background-type":"","background-media":"","overlay-type":"","overlay-color":"","overlay-opacity":"","overlay-gradient":""},"tablet":{"background-color":"var(--ast-global-color-5)","background-image":"","background-repeat":"repeat","background-position":"center center","background-size":"auto","background-attachment":"scroll","background-type":"","background-media":"","overlay-type":"","overlay-color":"","overlay-opacity":"","overlay-gradient":""},"mobile":{"background-color":"var(--ast-global-color-5)","background-image":"","background-repeat":"repeat","background-position":"center center","background-size":"auto","background-attachment":"scroll","background-type":"","background-media":"","overlay-type":"","overlay-color":"","overlay-opacity":"","overlay-gradient":""}},"_themeisle_gutenberg_block_has_review":false},"product_brand":[],"product_cat":[45],"product_tag":[],"class_list":{"0":"post-711","1":"product","2":"type-product","3":"status-publish","4":"has-post-thumbnail","6":"product_cat-kunststoffausfuehrung","7":"desktop-align-left","8":"tablet-align-left","9":"mobile-align-left","11":"first","12":"instock","13":"taxable","14":"shipping-taxable","15":"purchasable","16":"product-type-variable"},"jetpack_sharing_enabled":true,"_links":{"self":[{"href":"https:\/\/gebr-schreck.com\/en\/wp-json\/wp\/v2\/product\/711","targetHints":{"allow":["GET"]}}],"collection":[{"href":"https:\/\/gebr-schreck.com\/en\/wp-json\/wp\/v2\/product"}],"about":[{"href":"https:\/\/gebr-schreck.com\/en\/wp-json\/wp\/v2\/types\/product"}],"wp:featuredmedia":[{"embeddable":true,"href":"https:\/\/gebr-schreck.com\/en\/wp-json\/wp\/v2\/media\/745"}],"wp:attachment":[{"href":"https:\/\/gebr-schreck.com\/en\/wp-json\/wp\/v2\/media?parent=711"}],"wp:term":[{"taxonomy":"product_brand","embeddable":true,"href":"https:\/\/gebr-schreck.com\/en\/wp-json\/wp\/v2\/product_brand?post=711"},{"taxonomy":"product_cat","embeddable":true,"href":"https:\/\/gebr-schreck.com\/en\/wp-json\/wp\/v2\/product_cat?post=711"},{"taxonomy":"product_tag","embeddable":true,"href":"https:\/\/gebr-schreck.com\/en\/wp-json\/wp\/v2\/product_tag?post=711"}],"curies":[{"name":"wp","href":"https:\/\/api.w.org\/{rel}","templated":true}]}}