{"id":747,"date":"2022-11-02T13:50:03","date_gmt":"2022-11-02T13:50:03","guid":{"rendered":"https:\/\/gebr-schreck.com\/?post_type=product&#038;p=747"},"modified":"2023-07-18T12:22:39","modified_gmt":"2023-07-18T12:22:39","slug":"fotoausloeser-kunststoff-fluegelgriff-mit-kugelbremse","status":"publish","type":"product","link":"https:\/\/gebr-schreck.com\/en\/product\/fotoausloeser-kunststoff-fluegelgriff-mit-kugelbremse\/","title":{"rendered":"Photo shutter plastic - wing handle with ball brake"},"content":{"rendered":"<p class=\"translation-block\">The large contact surface of the <strong> wing grip <\/strong> forms a stable abutment for the index and middle finger of teh shutter release hand and thus enables particularly soft and smooth release. The <strong>ball brake <\/strong> allows comfortable long-time exposures, as its locking function is retained after release until it is reset to normal operation by the operator. The <strong> rotating end piece<\/strong> makes it easier to screw teh shutter release into the camera.<\/p>\n<p><strong>Special suitability:<\/strong> Kameraverschl\u00fcsse mit erh\u00f6htem Ausl\u00f6sewiderstand, Aufnahmeserien mit langen Belichtungszeiten, h\u00e4ufiger Wechsel des Ausl\u00f6sers.<\/p>\n<p>You can find out more about the technical data <a href=\"https:\/\/gebr-schreck.com\/en\/mantel\/\">here<\/a>.<\/p>","protected":false},"excerpt":{"rendered":"<p>Die gro\u00dfe Auflagefl\u00e4che des Fl\u00fcgelgriffes bildet ein stabiles Widerlager f\u00fcr den Zeige- und Mittelfinger der Ausl\u00f6sehand und erm\u00f6glicht dadurch besonders weiche und leichtg\u00e4ngige Ausl\u00f6sungen. Die Kugelbremse erm\u00f6glicht komfortables Langzeitbelichten, da ihre Arretierungsfunktion nach dem Ausl\u00f6sen solange erhalten bleibt, bis sie vom Bediener wieder in den Normalbetrieb zur\u00fcckversetzt wird. Das drehbare Endst\u00fcck erleichtert das Einschrauben des [&hellip;]<\/p>\n","protected":false},"featured_media":760,"template":"","meta":{"site-sidebar-layout":"default","site-content-layout":"default","ast-site-content-layout":"default","site-content-style":"default","site-sidebar-style":"default","ast-global-header-display":"","ast-banner-title-visibility":"","ast-main-header-display":"","ast-hfb-above-header-display":"","ast-hfb-below-header-display":"","ast-hfb-mobile-header-display":"","site-post-title":"","ast-breadcrumbs-content":"","ast-featured-img":"","footer-sml-layout":"","ast-disable-related-posts":"","theme-transparent-header-meta":"default","adv-header-id-meta":"","stick-header-meta":"","header-above-stick-meta":"","header-main-stick-meta":"","header-below-stick-meta":"","astra-migrate-meta-layouts":"default","ast-page-background-enabled":"default","ast-page-background-meta":{"desktop":{"background-color":"var(--ast-global-color-4)","background-image":"","background-repeat":"repeat","background-position":"center center","background-size":"auto","background-attachment":"scroll","background-type":"","background-media":"","overlay-type":"","overlay-color":"","overlay-opacity":"","overlay-gradient":""},"tablet":{"background-color":"","background-image":"","background-repeat":"repeat","background-position":"center center","background-size":"auto","background-attachment":"scroll","background-type":"","background-media":"","overlay-type":"","overlay-color":"","overlay-opacity":"","overlay-gradient":""},"mobile":{"background-color":"","background-image":"","background-repeat":"repeat","background-position":"center center","background-size":"auto","background-attachment":"scroll","background-type":"","background-media":"","overlay-type":"","overlay-color":"","overlay-opacity":"","overlay-gradient":""}},"ast-content-background-meta":{"desktop":{"background-color":"var(--ast-global-color-5)","background-image":"","background-repeat":"repeat","background-position":"center center","background-size":"auto","background-attachment":"scroll","background-type":"","background-media":"","overlay-type":"","overlay-color":"","overlay-opacity":"","overlay-gradient":""},"tablet":{"background-color":"var(--ast-global-color-5)","background-image":"","background-repeat":"repeat","background-position":"center center","background-size":"auto","background-attachment":"scroll","background-type":"","background-media":"","overlay-type":"","overlay-color":"","overlay-opacity":"","overlay-gradient":""},"mobile":{"background-color":"var(--ast-global-color-5)","background-image":"","background-repeat":"repeat","background-position":"center center","background-size":"auto","background-attachment":"scroll","background-type":"","background-media":"","overlay-type":"","overlay-color":"","overlay-opacity":"","overlay-gradient":""}},"_themeisle_gutenberg_block_has_review":false},"product_brand":[],"product_cat":[45],"product_tag":[],"class_list":{"0":"post-747","1":"product","2":"type-product","3":"status-publish","4":"has-post-thumbnail","6":"product_cat-kunststoffausfuehrung","7":"desktop-align-left","8":"tablet-align-left","9":"mobile-align-left","11":"first","12":"instock","13":"taxable","14":"shipping-taxable","15":"purchasable","16":"product-type-variable"},"jetpack_sharing_enabled":true,"_links":{"self":[{"href":"https:\/\/gebr-schreck.com\/en\/wp-json\/wp\/v2\/product\/747","targetHints":{"allow":["GET"]}}],"collection":[{"href":"https:\/\/gebr-schreck.com\/en\/wp-json\/wp\/v2\/product"}],"about":[{"href":"https:\/\/gebr-schreck.com\/en\/wp-json\/wp\/v2\/types\/product"}],"wp:featuredmedia":[{"embeddable":true,"href":"https:\/\/gebr-schreck.com\/en\/wp-json\/wp\/v2\/media\/760"}],"wp:attachment":[{"href":"https:\/\/gebr-schreck.com\/en\/wp-json\/wp\/v2\/media?parent=747"}],"wp:term":[{"taxonomy":"product_brand","embeddable":true,"href":"https:\/\/gebr-schreck.com\/en\/wp-json\/wp\/v2\/product_brand?post=747"},{"taxonomy":"product_cat","embeddable":true,"href":"https:\/\/gebr-schreck.com\/en\/wp-json\/wp\/v2\/product_cat?post=747"},{"taxonomy":"product_tag","embeddable":true,"href":"https:\/\/gebr-schreck.com\/en\/wp-json\/wp\/v2\/product_tag?post=747"}],"curies":[{"name":"wp","href":"https:\/\/api.w.org\/{rel}","templated":true}]}}