{"id":762,"date":"2022-11-02T14:00:42","date_gmt":"2022-11-02T14:00:42","guid":{"rendered":"https:\/\/gebr-schreck.com\/?post_type=product&#038;p=762"},"modified":"2023-07-18T12:09:26","modified_gmt":"2023-07-18T12:09:26","slug":"fotoausloeser-kunststoff-glockengriff-mit-kugelbremse","status":"publish","type":"product","link":"https:\/\/gebr-schreck.com\/en\/product\/fotoausloeser-kunststoff-glockengriff-mit-kugelbremse\/","title":{"rendered":"Photo shutter release plastic - bell handle with ball brake"},"content":{"rendered":"<p>The rotationally symmetrical bell shape of the handle is <strong> direction-independent<\/strong> and ensures <strong> a secure grip in <\/strong> any position. The <strong> ball brake<\/strong> enables convenient long-time exposure, as its locking function is retained after release until it is returned to normal operation by the operator. The <strong>rotating end piece <\/strong> makes it easier to screw the shutter release into the camera. <strong>richtungsunabh\u00e4ngig<\/strong> und sorgt f\u00fcr <strong>Griffsicherheit<\/strong> in jeder Lage.<br \/>\nDie <strong>Ball brake<\/strong> erm\u00f6glicht komfortables Langzeitbelichten, da ihre Arretierungsfunktion nach dem Ausl\u00f6sen solange erhalten bleibt, bis sie vom Bediener wieder in den Normalbetrieb zur\u00fcckversetzt wird. Das <strong>drehbare Endst\u00fcck<\/strong> erleichtert das Einschrauben des Ausl\u00f6sers in die Kamera.<\/p>\n<p><strong>Special suitability:<\/strong> extensive series of shots with long exposure times, frequent changing of teh shutter release.<\/p>\n<p>You can find out more about the technical data <a href=\"https:\/\/gebr-schreck.com\/en\/mantel\/\">here<\/a>.<\/p>","protected":false},"excerpt":{"rendered":"<p>Die rotationssymetrische Glockenform des Griffst\u00fcckes ist richtungsunabh\u00e4ngig und sorgt f\u00fcr Griffsicherheit in jeder Lage. Die Kugelbremse erm\u00f6glicht komfortables Langzeitbelichten, da ihre Arretierungsfunktion nach dem Ausl\u00f6sen solange erhalten bleibt, bis sie vom Bediener wieder in den Normalbetrieb zur\u00fcckversetzt wird. Das drehbare Endst\u00fcck erleichtert das Einschrauben des Ausl\u00f6sers in die Kamera. Besondere Eignung: umfangreiche Aufnahmeserien mit langen [&hellip;]<\/p>\n","protected":false},"featured_media":775,"template":"","meta":{"site-sidebar-layout":"default","site-content-layout":"default","ast-site-content-layout":"default","site-content-style":"default","site-sidebar-style":"default","ast-global-header-display":"","ast-banner-title-visibility":"","ast-main-header-display":"","ast-hfb-above-header-display":"","ast-hfb-below-header-display":"","ast-hfb-mobile-header-display":"","site-post-title":"","ast-breadcrumbs-content":"","ast-featured-img":"","footer-sml-layout":"","ast-disable-related-posts":"","theme-transparent-header-meta":"default","adv-header-id-meta":"","stick-header-meta":"","header-above-stick-meta":"","header-main-stick-meta":"","header-below-stick-meta":"","astra-migrate-meta-layouts":"default","ast-page-background-enabled":"default","ast-page-background-meta":{"desktop":{"background-color":"var(--ast-global-color-4)","background-image":"","background-repeat":"repeat","background-position":"center center","background-size":"auto","background-attachment":"scroll","background-type":"","background-media":"","overlay-type":"","overlay-color":"","overlay-opacity":"","overlay-gradient":""},"tablet":{"background-color":"","background-image":"","background-repeat":"repeat","background-position":"center center","background-size":"auto","background-attachment":"scroll","background-type":"","background-media":"","overlay-type":"","overlay-color":"","overlay-opacity":"","overlay-gradient":""},"mobile":{"background-color":"","background-image":"","background-repeat":"repeat","background-position":"center center","background-size":"auto","background-attachment":"scroll","background-type":"","background-media":"","overlay-type":"","overlay-color":"","overlay-opacity":"","overlay-gradient":""}},"ast-content-background-meta":{"desktop":{"background-color":"var(--ast-global-color-5)","background-image":"","background-repeat":"repeat","background-position":"center center","background-size":"auto","background-attachment":"scroll","background-type":"","background-media":"","overlay-type":"","overlay-color":"","overlay-opacity":"","overlay-gradient":""},"tablet":{"background-color":"var(--ast-global-color-5)","background-image":"","background-repeat":"repeat","background-position":"center center","background-size":"auto","background-attachment":"scroll","background-type":"","background-media":"","overlay-type":"","overlay-color":"","overlay-opacity":"","overlay-gradient":""},"mobile":{"background-color":"var(--ast-global-color-5)","background-image":"","background-repeat":"repeat","background-position":"center center","background-size":"auto","background-attachment":"scroll","background-type":"","background-media":"","overlay-type":"","overlay-color":"","overlay-opacity":"","overlay-gradient":""}},"_themeisle_gutenberg_block_has_review":false},"product_brand":[],"product_cat":[45],"product_tag":[],"class_list":{"0":"post-762","1":"product","2":"type-product","3":"status-publish","4":"has-post-thumbnail","6":"product_cat-kunststoffausfuehrung","7":"desktop-align-left","8":"tablet-align-left","9":"mobile-align-left","11":"first","12":"instock","13":"taxable","14":"shipping-taxable","15":"purchasable","16":"product-type-variable"},"jetpack_sharing_enabled":true,"_links":{"self":[{"href":"https:\/\/gebr-schreck.com\/en\/wp-json\/wp\/v2\/product\/762","targetHints":{"allow":["GET"]}}],"collection":[{"href":"https:\/\/gebr-schreck.com\/en\/wp-json\/wp\/v2\/product"}],"about":[{"href":"https:\/\/gebr-schreck.com\/en\/wp-json\/wp\/v2\/types\/product"}],"wp:featuredmedia":[{"embeddable":true,"href":"https:\/\/gebr-schreck.com\/en\/wp-json\/wp\/v2\/media\/775"}],"wp:attachment":[{"href":"https:\/\/gebr-schreck.com\/en\/wp-json\/wp\/v2\/media?parent=762"}],"wp:term":[{"taxonomy":"product_brand","embeddable":true,"href":"https:\/\/gebr-schreck.com\/en\/wp-json\/wp\/v2\/product_brand?post=762"},{"taxonomy":"product_cat","embeddable":true,"href":"https:\/\/gebr-schreck.com\/en\/wp-json\/wp\/v2\/product_cat?post=762"},{"taxonomy":"product_tag","embeddable":true,"href":"https:\/\/gebr-schreck.com\/en\/wp-json\/wp\/v2\/product_tag?post=762"}],"curies":[{"name":"wp","href":"https:\/\/api.w.org\/{rel}","templated":true}]}}