{"id":776,"date":"2022-11-02T14:08:04","date_gmt":"2022-11-02T14:08:04","guid":{"rendered":"https:\/\/gebr-schreck.com\/?post_type=product&#038;p=776"},"modified":"2023-06-23T07:23:28","modified_gmt":"2023-06-23T07:23:28","slug":"fotoausloeser-kunststoff-profi-ausloeseteil-mit-kugelbremse","status":"publish","type":"product","link":"https:\/\/gebr-schreck.com\/en\/product\/fotoausloeser-kunststoff-profi-ausloeseteil-mit-kugelbremse\/","title":{"rendered":"Photo release plastic - professional release part with ball brake"},"content":{"rendered":"<p>The design for the professional combines the advantages of wing handle and bell handle. An <strong> enlarged contact surface<\/strong> enables particularly soft and smooth release, and the <strong> directinal independence of <\/strong> the bell <strong> grip ensures a secure in <\/strong> any position. The <strong> ball brake <\/strong> enables convenient long-times exposures, as its locking function remains in place after release until the operator returns it to normal operation. Above the end piece, the shutter release is reinforced with am <strong>anti-kink spring<\/strong> to prevent the release pin, which actuates teh shutter release in the camera, from tilting. The end piece itself <strong> can be rotated,<\/strong>which makes it mcuh easier to screw the shutter release into the camera. <strong>vergr\u00f6\u00dferte Auflagefl\u00e4che<\/strong> erm\u00f6glicht besonders<br \/>\nweiche und leichtg\u00e4ngige Ausl\u00f6sungen und die <strong>Richtungsunabh\u00e4ngigkeit<\/strong> des Glockengriffes sorgt f\u00fcr <strong>Griffsicherheit<\/strong> in jeder Lage.<br \/>\nDie <strong>Ball brake<\/strong> erm\u00f6glicht komfortables Langzeitbelichten, da ihre Arretierungsfunktion nach dem Ausl\u00f6sen solange erhalten bleibt, bis sie vom Bediener wieder in den Normalbetrieb zur\u00fcckversetzt wird. Oberhalb des Endst\u00fcckes ist der Ausl\u00f6ser mit einer <strong>Knickschutzfeder<\/strong><br \/>\nverst\u00e4rkt, damit der Ausl\u00f6sestift, der den Ausl\u00f6ser in der Kamera bet\u00e4tigt, nicht verkanten kann. Das Endst\u00fcck selbst ist <strong>drehbar<\/strong>, wodurch sich das Einschrauben des Ausl\u00f6sers in die Kamera wesentlich vereinfacht.<\/p>\n<p><strong>Special suitability:<\/strong> harsh enviromental conditions, camera shutter with increased release resistance, extensive series of shots wirh long exposure times, frequent changing of the shutter release.<\/p>\n<p>\u00a0<\/p>\n<p>You can find out more about the technical data <a href=\"https:\/\/gebr-schreck.com\/en\/mantel\/\">here<\/a>.<\/p>","protected":false},"excerpt":{"rendered":"<p>Die Bauform f\u00fcr den Profi vereinigt die Vorteile von Fl\u00fcgelgriff und Glockengriff. Eine vergr\u00f6\u00dferte Auflagefl\u00e4che erm\u00f6glicht besonders weiche und leichtg\u00e4ngige Ausl\u00f6sungen und die Richtungsunabh\u00e4ngigkeit des Glockengriffes sorgt f\u00fcr Griffsicherheit in jeder Lage. Die Kugelbremse erm\u00f6glicht komfortables Langzeitbelichten, da ihre Arretierungsfunktion nach dem Ausl\u00f6sen solange erhalten bleibt, bis sie vom Bediener wieder in den Normalbetrieb zur\u00fcckversetzt [&hellip;]<\/p>\n","protected":false},"featured_media":793,"template":"","meta":{"site-sidebar-layout":"default","site-content-layout":"default","ast-site-content-layout":"default","site-content-style":"default","site-sidebar-style":"default","ast-global-header-display":"","ast-banner-title-visibility":"","ast-main-header-display":"","ast-hfb-above-header-display":"","ast-hfb-below-header-display":"","ast-hfb-mobile-header-display":"","site-post-title":"","ast-breadcrumbs-content":"","ast-featured-img":"","footer-sml-layout":"","ast-disable-related-posts":"","theme-transparent-header-meta":"default","adv-header-id-meta":"","stick-header-meta":"","header-above-stick-meta":"","header-main-stick-meta":"","header-below-stick-meta":"","astra-migrate-meta-layouts":"default","ast-page-background-enabled":"default","ast-page-background-meta":{"desktop":{"background-color":"var(--ast-global-color-4)","background-image":"","background-repeat":"repeat","background-position":"center center","background-size":"auto","background-attachment":"scroll","background-type":"","background-media":"","overlay-type":"","overlay-color":"","overlay-opacity":"","overlay-gradient":""},"tablet":{"background-color":"","background-image":"","background-repeat":"repeat","background-position":"center center","background-size":"auto","background-attachment":"scroll","background-type":"","background-media":"","overlay-type":"","overlay-color":"","overlay-opacity":"","overlay-gradient":""},"mobile":{"background-color":"","background-image":"","background-repeat":"repeat","background-position":"center center","background-size":"auto","background-attachment":"scroll","background-type":"","background-media":"","overlay-type":"","overlay-color":"","overlay-opacity":"","overlay-gradient":""}},"ast-content-background-meta":{"desktop":{"background-color":"var(--ast-global-color-5)","background-image":"","background-repeat":"repeat","background-position":"center center","background-size":"auto","background-attachment":"scroll","background-type":"","background-media":"","overlay-type":"","overlay-color":"","overlay-opacity":"","overlay-gradient":""},"tablet":{"background-color":"var(--ast-global-color-5)","background-image":"","background-repeat":"repeat","background-position":"center center","background-size":"auto","background-attachment":"scroll","background-type":"","background-media":"","overlay-type":"","overlay-color":"","overlay-opacity":"","overlay-gradient":""},"mobile":{"background-color":"var(--ast-global-color-5)","background-image":"","background-repeat":"repeat","background-position":"center center","background-size":"auto","background-attachment":"scroll","background-type":"","background-media":"","overlay-type":"","overlay-color":"","overlay-opacity":"","overlay-gradient":""}},"_themeisle_gutenberg_block_has_review":false},"product_brand":[],"product_cat":[45],"product_tag":[],"class_list":{"0":"post-776","1":"product","2":"type-product","3":"status-publish","4":"has-post-thumbnail","6":"product_cat-kunststoffausfuehrung","7":"desktop-align-left","8":"tablet-align-left","9":"mobile-align-left","11":"first","12":"instock","13":"taxable","14":"shipping-taxable","15":"purchasable","16":"product-type-variable"},"jetpack_sharing_enabled":true,"_links":{"self":[{"href":"https:\/\/gebr-schreck.com\/en\/wp-json\/wp\/v2\/product\/776","targetHints":{"allow":["GET"]}}],"collection":[{"href":"https:\/\/gebr-schreck.com\/en\/wp-json\/wp\/v2\/product"}],"about":[{"href":"https:\/\/gebr-schreck.com\/en\/wp-json\/wp\/v2\/types\/product"}],"wp:featuredmedia":[{"embeddable":true,"href":"https:\/\/gebr-schreck.com\/en\/wp-json\/wp\/v2\/media\/793"}],"wp:attachment":[{"href":"https:\/\/gebr-schreck.com\/en\/wp-json\/wp\/v2\/media?parent=776"}],"wp:term":[{"taxonomy":"product_brand","embeddable":true,"href":"https:\/\/gebr-schreck.com\/en\/wp-json\/wp\/v2\/product_brand?post=776"},{"taxonomy":"product_cat","embeddable":true,"href":"https:\/\/gebr-schreck.com\/en\/wp-json\/wp\/v2\/product_cat?post=776"},{"taxonomy":"product_tag","embeddable":true,"href":"https:\/\/gebr-schreck.com\/en\/wp-json\/wp\/v2\/product_tag?post=776"}],"curies":[{"name":"wp","href":"https:\/\/api.w.org\/{rel}","templated":true}]}}